{"id":95,"date":"2025-09-23T16:46:18","date_gmt":"2025-09-23T14:46:18","guid":{"rendered":"https:\/\/www.uto.edu.bo\/?page_id=95"},"modified":"2025-11-12T20:27:34","modified_gmt":"2025-11-12T19:27:34","slug":"unid-acad-desconcentrados","status":"publish","type":"page","link":"https:\/\/www.uto.edu.bo\/?page_id=95","title":{"rendered":"Unid. Acad. Desconcentrados"},"content":{"rendered":"\n<style>\n#duad-container .autoridades-container {\n    background: linear-gradient(135deg, #f5f7fa 0%, #c3cfe2 100%);\n    padding: 60px 20px;\n    min-height: 100vh;\n}\n\n#duad-container .container {\n    max-width: 1200px;\n    margin: 0 auto;\n}\n\n#duad-container h1.duad-titulo-principal {\n    text-align: center;\n    margin-bottom: 40px;\n    color: #2c3e50;\n    font-size: 2.4rem;\n    text-shadow: 1px 1px 3px rgba(0,0,0,0.1);\n    position: relative;\n    padding-bottom: 15px;\n}\n\n#duad-container h1.duad-titulo-principal:after {\n    content: '';\n    position: absolute;\n    bottom: 0;\n    left: 50%;\n    transform: translateX(-50%);\n    width: 500px;\n    height: 4px;\n    background: linear-gradient(to right, #3498db, #2c3e50);\n    border-radius: 2px;\n}\n\n#duad-container .duad-card {\n    background-color: white;\n    border-radius: 20px;\n    box-shadow: 0 15px 35px rgba(0, 0, 0, 0.1);\n    padding: 40px;\n    margin-bottom: 30px;\n    position: relative;\n    overflow: hidden;\n    transition: all 0.4s ease;\n}\n\n#duad-container .duad-card:before {\n    content: '';\n    position: absolute;\n    top: 0;\n    left: 0;\n    width: 100%;\n    height: 6px;\n    background: linear-gradient(to right, #3498db, #2c3e50);\n}\n\n#duad-container .duad-card:hover {\n    transform: translateY(-8px);\n    box-shadow: 0 20px 40px rgba(0, 0, 0, 0.15);\n}\n\n#duad-container h3.duad-subtitulo {\n    color: #2c3e50;\n    font-size: 1.6rem;\n    margin-bottom: 20px;\n    padding-bottom: 10px;\n    border-bottom: 2px solid #3498db;\n    position: relative;\n}\n\n#duad-container h3.duad-subtitulo:after {\n    content: '';\n    position: absolute;\n    bottom: -2px;\n    left: 0;\n    width: 80px;\n    height: 2px;\n    background: linear-gradient(to right, #3498db, #2980b9);\n}\n\n#duad-container p.duad-texto {\n    color: #34495e;\n    font-size: 1.1rem;\n    line-height: 1.7;\n    margin-bottom: 20px;\n    text-align: justify;\n}\n\n#duad-container .estructura-lista {\n    background: #f8f9fa;\n    padding: 25px 25px 25px 50px;\n    border-radius: 15px;\n    margin: 20px 0;\n    border-left: 4px solid #3498db;\n    background: linear-gradient(135deg, #f8f9fa 0%, #e3f2fd 100%);\n}\n\n#duad-container .estructura-lista ul {\n    list-style: none;\n    padding: 0;\n    margin: 0;\n}\n\n#duad-container .estructura-lista li {\n    color: #34495e;\n    font-size: 1.1rem;\n    line-height: 1.6;\n    margin-bottom: 15px;\n    padding: 12px 15px;\n    background: white;\n    border-radius: 8px;\n    box-shadow: 0 3px 10px rgba(0, 0, 0, 0.08);\n    position: relative;\n    transition: all 0.3s ease;\n}\n\n#duad-container .estructura-lista li:hover {\n    transform: translateX(5px);\n    box-shadow: 0 5px 15px rgba(0, 0, 0, 0.12);\n}\n\n#duad-container .estructura-lista li:before {\n    content: '-';\n    position: absolute;\n    left: -25px;\n    top: 50%;\n    transform: translateY(-50%);\n    font-size: 1.2rem;\n}\n\n#duad-container .sub-lista {\n    margin: 10px 0 10px 20px;\n    padding: 0;\n}\n\n#duad-container .sub-lista li {\n    background: #f8f9fa !important;\n    margin-bottom: 8px;\n    padding: 10px 12px;\n    font-size: 1rem;\n}\n\n#duad-container .sub-lista li:before {\n    content: '*';\n    font-size: 1rem;\n}\n\n#duad-container .definiciones-container {\n    display: flex;\n    gap: 30px;\n    margin: 25px 0;\n}\n\n#duad-container .definicion-card {\n    flex: 1;\n    background: #f8f9fa;\n    padding: 25px;\n    border-radius: 15px;\n    border-left: 4px solid;\n    transition: all 0.3s ease;\n}\n\n#duad-container .definicion-card:hover {\n    transform: translateY(-5px);\n    box-shadow: 0 10px 25px rgba(0, 0, 0, 0.1);\n}\n\n#duad-container .definicion-card.sede {\n    background: linear-gradient(135deg, #f8f9fa 0%, #e3f2fd 100%);\n    border-left-color: #3498db;\n}\n\n#duad-container .definicion-card.subsedes {\n    background: linear-gradient(135deg, #f8f9fa 0%, #e8f5e8 100%);\n    border-left-color: #27ae60;\n}\n\n#duad-container .definicion-card.unidades {\n    background: linear-gradient(135deg, #f8f9fa 0%, #fff0f5 100%);\n    border-left-color: #e74c3c;\n}\n\n#duad-container .definicion-card h4 {\n    color: #2c3e50;\n    font-size: 1.3rem;\n    margin-bottom: 15px;\n    padding-bottom: 8px;\n    border-bottom: 2px solid;\n}\n\n#duad-container .definicion-card.sede h4 {\n    border-bottom-color: #3498db;\n}\n\n#duad-container .definicion-card.subsedes h4 {\n    border-bottom-color: #27ae60;\n}\n\n#duad-container .definicion-card.unidades h4 {\n    border-bottom-color: #e74c3c;\n}\n\n#duad-container .definicion-card p {\n    color: #34495e;\n    font-size: 1.1rem;\n    line-height: 1.6;\n    margin-bottom: 0;\n}\n\n#duad-container .footer-note {\n    text-align: center;\n    margin-top: 50px;\n    color: #7f8c8d;\n    font-style: italic;\n    padding: 20px;\n    background: white;\n    border-radius: 15px;\n    box-shadow: 0 5px 15px rgba(0, 0, 0, 0.1);\n}\n\n\/* Responsive *\/\n@media (max-width: 768px) {\n    #duad-container .duad-card {\n        padding: 30px 20px;\n        margin-bottom: 25px;\n    }\n    \n    #duad-container h1.duad-titulo-principal {\n        font-size: 2rem;\n    }\n    \n    #duad-container h3.duad-subtitulo {\n        font-size: 1.4rem;\n    }\n    \n    #duad-container p.duad-texto {\n        font-size: 1rem;\n        text-align: left;\n    }\n    \n    #duad-container .definiciones-container {\n        flex-direction: column;\n        gap: 20px;\n    }\n    \n    #duad-container .definicion-card {\n        padding: 20px;\n    }\n    \n    #duad-container .estructura-lista {\n        padding: 20px 20px 20px 40px;\n    }\n    \n    #duad-container .estructura-lista li {\n        font-size: 1rem;\n        padding: 10px 12px;\n    }\n    \n    #duad-container .estructura-lista li:before {\n        left: -20px;\n    }\n    \n    #duad-container .sub-lista {\n        margin-left: 15px;\n    }\n}\n\n@media (max-width: 480px) {\n    #duad-container .autoridades-container {\n        padding: 40px 15px;\n    }\n    \n    #duad-container .duad-card {\n        padding: 25px 15px;\n    }\n    \n    #duad-container h1.duad-titulo-principal {\n        font-size: 1.6rem;\n    }\n    \n    #duad-container h3.duad-subtitulo {\n        font-size: 1.3rem;\n    }\n    \n    #duad-container .definicion-card {\n        padding: 18px;\n    }\n    \n    #duad-container .definicion-card h4 {\n        font-size: 1.2rem;\n    }\n    \n    #duad-container .definicion-card p {\n        font-size: 1rem;\n    }\n    \n    #duad-container .estructura-lista {\n        padding: 15px 15px 15px 35px;\n    }\n    \n    #duad-container .estructura-lista li {\n        font-size: 0.95rem;\n    }\n    \n    #duad-container .estructura-lista li:before {\n        left: -18px;\n    }\n}\n<\/style>\n\n<div id=\"duad-container\">\n    <div class=\"autoridades-container\">\n        <div class=\"container\">\n            <h1 class=\"duad-titulo-principal\">DIRECCI\u00d3N DE UNIDADES ACAD\u00c9MICAS DESCONCENTRADAS<\/h1>\n            \n            <!-- Antecedentes -->\n            <div class=\"duad-card\">\n                <h3 class=\"duad-subtitulo\">Antecedentes<\/h3>\n                \n                <div class=\"definiciones-container\">\n                    <!-- Sede Central -->\n                    <div class=\"definicion-card sede\">\n                        <h4>SEDE CENTRAL<\/h4>\n                        <p>La SEDE central de la Universidad T\u00e9cnica de Oruro es la ciudad de Oruro.<\/p>\n                    <\/div>\n                    \n                    <!-- Subsedes -->\n                    <div class=\"definicion-card subsedes\">\n                        <h4>SUBSEDES<\/h4>\n                        <p>Son dependencias acad\u00e9micas creadas para la ejecuci\u00f3n de programas de formaci\u00f3n profesional, investigaci\u00f3n y vinculaci\u00f3n en ciudades intermedias o poblaciones rurales del departamento de Oruro que cuenten con una poblaci\u00f3n superior a los 25000 habitantes.<\/p>\n                    <\/div>\n                    \n                    <!-- Unidades Acad\u00e9micas Desconcentradas -->\n                    <div class=\"definicion-card unidades\">\n                        <h4>UNIDADES ACAD\u00c9MICAS DESCONCENTRADAS<\/h4>\n                        <p>Son dependencias acad\u00e9micas para la ejecuci\u00f3n de programas de formaci\u00f3n profesional, investigaci\u00f3n y\/o vinculaci\u00f3n en ciudades intermedias o poblaciones rurales del departamento de Oruro cuya poblaci\u00f3n es igual o menor a 25000 habitantes.<\/p>\n                    <\/div>\n                <\/div>\n            <\/div>\n            \n            <!-- Fines -->\n            <div class=\"duad-card\">\n                <h3 class=\"duad-subtitulo\">Fines<\/h3>\n                <p class=\"duad-texto\">\n                    Las Subsedes y las Unidades Acad\u00e9micas Desconcentradas, tienen la finalidad de ejecutar la oferta acad\u00e9mica de la Universidad T\u00e9cnica de Oruro con calidad acad\u00e9mica, en algunas ciudades intermedias y poblaciones rurales del Departamento\n                    de Oruro, a trav\u00e9s de programas acad\u00e9micos de formaci\u00f3n profesional de car\u00e1cter temporal, programas de capacitaci\u00f3n, programas de investigaci\u00f3n y programas de vinculaci\u00f3n universitaria.\n                <\/p>\n            <\/div>\n            \n            <!-- Objetivo -->\n            <div class=\"duad-card\">\n                <h3 class=\"duad-subtitulo\">Objetivo<\/h3>\n                <p class=\"duad-texto\">\n                    El objetivo de las Subsedes y Unidades Acad\u00e9micas desconcentradas es apoyar y fortalecer el desarrollo social y econ\u00f3mico de algunas ciudades intermedias y poblaciones rurales del Departamento de Oruro con programas temporales de formaci\u00f3n\n                    profesional, investigaci\u00f3n y vinculaci\u00f3n coherentes con sus vocaciones productivas y potencialidades de desarrollo.\n                <\/p>\n            <\/div>\n            \n            <!-- Alcance -->\n            <div class=\"duad-card\">\n                <h3 class=\"duad-subtitulo\">Alcance<\/h3>\n                <p class=\"duad-texto\">\n                    Las disposiciones del presente reglamento se aplicar\u00e1n en todas las Subsedes y Unidades Acad\u00e9micas Desconcentradas de la Universidad T\u00e9cnica de Oruro.\n                <\/p>\n            <\/div>\n            \n            <!-- Estructura -->\n            <div class=\"duad-card\">\n                <h3 class=\"duad-subtitulo\">Estructura<\/h3>\n                <div class=\"estructura-lista\">\n                    <ul>\n                        <li>Los programas de formaci\u00f3n profesional ofertados en las Subsedes y en las Unidades Acad\u00e9micas Desconcentradas dependen de una Facultad.<\/li>\n                        <li>\n                            Las Subsedes podr\u00e1n ofertar:\n                            <ul class=\"sub-lista\">\n                                <li>Carreras o Programas de Formaci\u00f3n Profesional, a nivel T\u00e9cnico, T\u00e9cnico Superior o Licenciatura, iguales a los ofertados en la Sede Central.<\/li>\n                                <li>Carreras o Programas de Formaci\u00f3n Profesional diferentes a los ofertados en la Sede Central.<\/li>\n                                <li>Los primeros semestres o cursos de Carreras o Programas de Formaci\u00f3n Profesional ofertados en la Sede Central.<\/li>\n                            <\/ul>\n                        <\/li>\n                        <li>Las Carreras o Programas de Formaci\u00f3n Profesional de las Subsedes, iguales a las Carreras o Programas de Formaci\u00f3n Profesional ofertados en la Sede Central, dependen acad\u00e9mica y administrativamente de las Carreras o Departamentos correspondientes\n                            de la Sede Central.<\/li>\n                        <li>Est\u00e1n representados en el Honorable Consejo Facultativo a trav\u00e9s de la Carrera o Departamento en la Sede Central.<\/li>\n                        <li>Cuentan con un Coordinador y el personal administrativo necesario.<\/li>\n                    <\/ul>\n                <\/div>\n            <\/div>\n        <\/div>\n    <\/div>\n<\/div>\n","protected":false},"excerpt":{"rendered":"<p>DIRECCI\u00d3N DE UNIDADES ACAD\u00c9MICAS DESCONCENTRADAS Antecedentes SEDE CENTRAL La SEDE central de la Universidad T\u00e9cnica de Oruro es la ciudad de Oruro. SUBSEDES Son dependencias acad\u00e9micas creadas para la ejecuci\u00f3n de programas de formaci\u00f3n profesional, investigaci\u00f3n y vinculaci\u00f3n en ciudades intermedias o poblaciones rurales del departamento de Oruro que cuenten con una poblaci\u00f3n superior a [&hellip;]<\/p>\n","protected":false},"author":1,"featured_media":0,"parent":0,"menu_order":0,"comment_status":"closed","ping_status":"closed","template":"","meta":{"_uag_custom_page_level_css":"","site-sidebar-layout":"default","site-content-layout":"","ast-site-content-layout":"default","site-content-style":"default","site-sidebar-style":"default","ast-global-header-display":"","ast-banner-title-visibility":"","ast-main-header-display":"","ast-hfb-above-header-display":"","ast-hfb-below-header-display":"","ast-hfb-mobile-header-display":"","site-post-title":"disabled","ast-breadcrumbs-content":"","ast-featured-img":"","footer-sml-layout":"","theme-transparent-header-meta":"","adv-header-id-meta":"","stick-header-meta":"","header-above-stick-meta":"","header-main-stick-meta":"","header-below-stick-meta":"","astra-migrate-meta-layouts":"default","ast-page-background-enabled":"default","ast-page-background-meta":{"desktop":{"background-color":"var(--ast-global-color-5)","background-image":"","background-repeat":"repeat","background-position":"center center","background-size":"auto","background-attachment":"scroll","background-type":"","background-media":"","overlay-type":"","overlay-color":"","overlay-opacity":"","overlay-gradient":""},"tablet":{"background-color":"","background-image":"","background-repeat":"repeat","background-position":"center center","background-size":"auto","background-attachment":"scroll","background-type":"","background-media":"","overlay-type":"","overlay-color":"","overlay-opacity":"","overlay-gradient":""},"mobile":{"background-color":"","background-image":"","background-repeat":"repeat","background-position":"center center","background-size":"auto","background-attachment":"scroll","background-type":"","background-media":"","overlay-type":"","overlay-color":"","overlay-opacity":"","overlay-gradient":""}},"ast-content-background-meta":{"desktop":{"background-color":"var(--ast-global-color-4)","background-image":"","background-repeat":"repeat","background-position":"center center","background-size":"auto","background-attachment":"scroll","background-type":"","background-media":"","overlay-type":"","overlay-color":"","overlay-opacity":"","overlay-gradient":""},"tablet":{"background-color":"var(--ast-global-color-4)","background-image":"","background-repeat":"repeat","background-position":"center center","background-size":"auto","background-attachment":"scroll","background-type":"","background-media":"","overlay-type":"","overlay-color":"","overlay-opacity":"","overlay-gradient":""},"mobile":{"background-color":"var(--ast-global-color-4)","background-image":"","background-repeat":"repeat","background-position":"center center","background-size":"auto","background-attachment":"scroll","background-type":"","background-media":"","overlay-type":"","overlay-color":"","overlay-opacity":"","overlay-gradient":""}},"_themeisle_gutenberg_block_has_review":false,"footnotes":""},"class_list":["post-95","page","type-page","status-publish","hentry"],"uagb_featured_image_src":{"full":false,"thumbnail":false,"medium":false,"medium_large":false,"large":false,"1536x1536":false,"2048x2048":false},"uagb_author_info":{"display_name":"UTO","author_link":"https:\/\/www.uto.edu.bo\/?author=1"},"uagb_comment_info":0,"uagb_excerpt":"DIRECCI\u00d3N DE UNIDADES ACAD\u00c9MICAS DESCONCENTRADAS Antecedentes SEDE CENTRAL La SEDE central de la Universidad T\u00e9cnica de Oruro es la ciudad de Oruro. SUBSEDES Son dependencias acad\u00e9micas creadas para la ejecuci\u00f3n de programas de formaci\u00f3n profesional, investigaci\u00f3n y vinculaci\u00f3n en ciudades intermedias o poblaciones rurales del departamento de Oruro que cuenten con una poblaci\u00f3n superior a&hellip;","_links":{"self":[{"href":"https:\/\/www.uto.edu.bo\/index.php?rest_route=\/wp\/v2\/pages\/95","targetHints":{"allow":["GET"]}}],"collection":[{"href":"https:\/\/www.uto.edu.bo\/index.php?rest_route=\/wp\/v2\/pages"}],"about":[{"href":"https:\/\/www.uto.edu.bo\/index.php?rest_route=\/wp\/v2\/types\/page"}],"author":[{"embeddable":true,"href":"https:\/\/www.uto.edu.bo\/index.php?rest_route=\/wp\/v2\/users\/1"}],"replies":[{"embeddable":true,"href":"https:\/\/www.uto.edu.bo\/index.php?rest_route=%2Fwp%2Fv2%2Fcomments&post=95"}],"version-history":[{"count":4,"href":"https:\/\/www.uto.edu.bo\/index.php?rest_route=\/wp\/v2\/pages\/95\/revisions"}],"predecessor-version":[{"id":1237,"href":"https:\/\/www.uto.edu.bo\/index.php?rest_route=\/wp\/v2\/pages\/95\/revisions\/1237"}],"wp:attachment":[{"href":"https:\/\/www.uto.edu.bo\/index.php?rest_route=%2Fwp%2Fv2%2Fmedia&parent=95"}],"curies":[{"name":"wp","href":"https:\/\/api.w.org\/{rel}","templated":true}]}}