{"id":94,"date":"2025-09-23T16:46:18","date_gmt":"2025-09-23T14:46:18","guid":{"rendered":"https:\/\/www.uto.edu.bo\/?page_id=94"},"modified":"2025-11-19T21:29:08","modified_gmt":"2025-11-19T20:29:08","slug":"tecnologia-de-inf-y-com","status":"publish","type":"page","link":"https:\/\/www.uto.edu.bo\/?page_id=94","title":{"rendered":"Tecnologia de Inf. y Com."},"content":{"rendered":"\n<style>\n#dtic-container .autoridades-container {\n    background: linear-gradient(135deg, #f5f7fa 0%, #c3cfe2 100%);\n    padding: 60px 20px;\n    min-height: 100vh;\n}\n\n#dtic-container .container {\n    max-width: 1200px;\n    margin: 0 auto;\n}\n\n\/* --- NUEVO: Estilo del logo (consistente con DPDI\/DPIC) --- *\/\n#dtic-container .logo-container {\n    display: flex;\n    justify-content: center;\n    margin-bottom: 30px;\n}\n\n#dtic-container .dtic-logo {\n    width: 150px;\n    height: 150px;\n    border-radius: 50%;\n    object-fit: contain;\n    border: 5px solid white;\n    box-shadow: 0 10px 30px rgba(0, 0, 0, 0.2);\n    background: white;\n    padding: 10px;\n}\n\n#dtic-container h1.dtic-titulo-principal {\n    text-align: center;\n    margin-bottom: 40px;\n    color: #2c3e50;\n    font-size: 2.4rem;\n    text-shadow: 1px 1px 3px rgba(0,0,0,0.1);\n    position: relative;\n    padding-bottom: 15px;\n}\n\n#dtic-container h1.dtic-titulo-principal:after {\n    content: '';\n    position: absolute;\n    bottom: 0;\n    left: 50%;\n    transform: translateX(-50%);\n    width: 500px;\n    height: 4px;\n    background: linear-gradient(to right, #3498db, #2c3e50);\n    border-radius: 2px;\n}\n\n\/* Resto de tus estilos... (sin cambios) *\/\n#dtic-container .dtic-card {\n    background-color: white;\n    border-radius: 20px;\n    box-shadow: 0 15px 35px rgba(0, 0, 0, 0.1);\n    padding: 40px;\n    margin-bottom: 30px;\n    position: relative;\n    overflow: hidden;\n    transition: all 0.4s ease;\n}\n\n#dtic-container .dtic-card:before {\n    content: '';\n    position: absolute;\n    top: 0;\n    left: 0;\n    width: 100%;\n    height: 6px;\n    background: linear-gradient(to right, #3498db, #2c3e50);\n}\n\n#dtic-container .dtic-card:hover {\n    transform: translateY(-8px);\n    box-shadow: 0 20px 40px rgba(0, 0, 0, 0.15);\n}\n\n#dtic-container h3.dtic-subtitulo {\n    color: #2c3e50;\n    font-size: 1.6rem;\n    margin-bottom: 20px;\n    padding-bottom: 10px;\n    border-bottom: 2px solid #3498db;\n    position: relative;\n}\n\n#dtic-container h3.dtic-subtitulo:after {\n    content: '';\n    position: absolute;\n    bottom: -2px;\n    left: 0;\n    width: 80px;\n    height: 2px;\n    background: linear-gradient(to right, #3498db, #2980b9);\n}\n\n#dtic-container p.dtic-texto {\n    color: #34495e;\n    font-size: 1.1rem;\n    line-height: 1.7;\n    margin-bottom: 20px;\n    text-align: justify;\n}\n\n#dtic-container .relaciones-container {\n    display: flex;\n    gap: 30px;\n    margin-top: 25px;\n}\n\n#dtic-container .relacion-card {\n    flex: 1;\n    background: #f8f9fa;\n    padding: 25px;\n    border-radius: 15px;\n    border-left: 4px solid #3498db;\n    transition: all 0.3s ease;\n}\n\n#dtic-container .relacion-card:hover {\n    transform: translateY(-5px);\n    box-shadow: 0 10px 25px rgba(0, 0, 0, 0.1);\n}\n\n#dtic-container .relacion-card.internas {\n    background: linear-gradient(135deg, #f8f9fa 0%, #e3f2fd 100%);\n    border-left-color: #3498db;\n}\n\n#dtic-container .relacion-card.externas {\n    background: linear-gradient(135deg, #f8f9fa 0%, #e8f5e8 100%);\n    border-left-color: #27ae60;\n}\n\n#dtic-container .relacion-card h4 {\n    color: #2c3e50;\n    font-size: 1.3rem;\n    margin-bottom: 15px;\n    padding-bottom: 8px;\n    border-bottom: 2px solid;\n}\n\n#dtic-container .relacion-card.internas h4 {\n    border-bottom-color: #3498db;\n}\n\n#dtic-container .relacion-card.externas h4 {\n    border-bottom-color: #27ae60;\n}\n\n#dtic-container .relacion-card p {\n    color: #34495e;\n    font-size: 1.1rem;\n    line-height: 1.6;\n    margin-bottom: 0;\n}\n\n#dtic-container .actividades-lista {\n    background: #f8f9fa;\n    padding: 25px 25px 25px 50px;\n    border-radius: 15px;\n    margin: 20px 0;\n    border-left: 4px solid #e74c3c;\n    background: linear-gradient(135deg, #f8f9fa 0%, #ffebee 100%);\n}\n\n#dtic-container .actividades-lista ul {\n    list-style: none;\n    padding: 0;\n    margin: 0;\n}\n\n#dtic-container .actividades-lista li {\n    color: #34495e;\n    font-size: 1.1rem;\n    line-height: 1.6;\n    margin-bottom: 20px;\n    padding: 15px;\n    background: white;\n    border-radius: 8px;\n    box-shadow: 0 3px 10px rgba(0, 0, 0, 0.08);\n    position: relative;\n    transition: all 0.3s ease;\n}\n\n#dtic-container .actividades-lista li:hover {\n    transform: translateX(5px);\n    box-shadow: 0 5px 15px rgba(0, 0, 0, 0.12);\n}\n\n#dtic-container .actividades-lista li:before {\n    content: '-';\n    position: absolute;\n    left: -30px;\n    top: 50%;\n    transform: translateY(-50%);\n    font-size: 1.3rem;\n}\n\n#dtic-container .actividades-lista strong {\n    color: #2c3e50;\n    display: block;\n    margin-bottom: 8px;\n    font-size: 1.1rem;\n}\n\n#dtic-container .footer-note {\n    text-align: center;\n    margin-top: 50px;\n    color: #7f8c8d;\n    font-style: italic;\n    padding: 20px;\n    background: white;\n    border-radius: 15px;\n    box-shadow: 0 5px 15px rgba(0, 0, 0, 0.1);\n}\n\n\/* Responsive *\/\n@media (max-width: 768px) {\n    #dtic-container .dtic-card {\n        padding: 30px 20px;\n        margin-bottom: 25px;\n    }\n    \n    #dtic-container h1.dtic-titulo-principal {\n        font-size: 2rem;\n    }\n    \n    #dtic-container h3.dtic-subtitulo {\n        font-size: 1.4rem;\n    }\n    \n    #dtic-container p.dtic-texto {\n        font-size: 1rem;\n        text-align: left;\n    }\n    \n    #dtic-container .relaciones-container {\n        flex-direction: column;\n        gap: 20px;\n    }\n    \n    #dtic-container .relacion-card {\n        padding: 20px;\n    }\n    \n    #dtic-container .actividades-lista {\n        padding: 20px 20px 20px 40px;\n    }\n    \n    #dtic-container .actividades-lista li {\n        font-size: 1rem;\n        padding: 12px;\n    }\n    \n    #dtic-container .actividades-lista li:before {\n        left: -25px;\n    }\n    \n    \/* Logo en tablets *\/\n    #dtic-container .dtic-logo {\n        width: 120px;\n        height: 120px;\n    }\n}\n\n@media (max-width: 480px) {\n    #dtic-container .autoridades-container {\n        padding: 40px 15px;\n    }\n    \n    #dtic-container .dtic-card {\n        padding: 25px 15px;\n    }\n    \n    #dtic-container h1.dtic-titulo-principal {\n        font-size: 1.6rem;\n    }\n    \n    #dtic-container h3.dtic-subtitulo {\n        font-size: 1.3rem;\n    }\n    \n    #dtic-container .relacion-card {\n        padding: 18px;\n    }\n    \n    #dtic-container .relacion-card h4 {\n        font-size: 1.2rem;\n    }\n    \n    #dtic-container .relacion-card p {\n        font-size: 1rem;\n    }\n    \n    #dtic-container .actividades-lista {\n        padding: 15px 15px 15px 35px;\n    }\n    \n    #dtic-container .actividades-lista li {\n        font-size: 0.95rem;\n    }\n    \n    #dtic-container .actividades-lista li:before {\n        left: -20px;\n    }\n    \n    \/* Logo en m\u00f3viles *\/\n    #dtic-container .dtic-logo {\n        width: 100px;\n        height: 100px;\n    }\n}\n<\/style>\n\n<div id=\"dtic-container\">\n    <div class=\"autoridades-container\">\n        <div class=\"container\">\n            <div class=\"logo-container\">\n                <img decoding=\"async\" data-src=\"https:\/\/www.uto.edu.bo\/wp-content\/uploads\/2025\/11\/Detic_logo-scaled.webp\" alt=\"DTIC Logo\" class=\"dtic-logo lazyload\" src=\"data:image\/svg+xml;base64,PHN2ZyB3aWR0aD0iMSIgaGVpZ2h0PSIxIiB4bWxucz0iaHR0cDovL3d3dy53My5vcmcvMjAwMC9zdmciPjwvc3ZnPg==\" style=\"--smush-placeholder-width: 2560px; --smush-placeholder-aspect-ratio: 2560\/2560;\">\n            <\/div>\n            \n            <h1 class=\"dtic-titulo-principal\">DIRECCI\u00d3N DE TECNOLOG\u00cdAS DE LA INFORMACI\u00d3N Y COMUNICACI\u00d3N<\/h1>\n            \n            <!-- Antecedentes -->\n            <div class=\"dtic-card\">\n                <h3 class=\"dtic-subtitulo\">ANTECEDENTES<\/h3>\n                <p class=\"dtic-texto\">\n                    La Direcci\u00f3n de Tecnolog\u00edas de Informaci\u00f3n y Comunicaci\u00f3n, fue creada el 10 de octubre de 2011, mediante Resoluci\u00f3n Rectoral N\u00ba 529\/11, durante la gesti\u00f3n rectoral del Ing. Rub\u00e9n Medinaceli Ortiz, como consecuencia del proceso de desarrollo\n                    institucional, sobre la base del Centro Especializado en Tecnolog\u00edas de Informaci\u00f3n y Comunicaci\u00f3n CETIC, con el prop\u00f3sito de emprender un proceso agresivo para incorporar recursos tecnol\u00f3gicos e implementar Sistemas Automatizados\n                    de Informaci\u00f3n Acad\u00e9micos y administrativos, modernizando las actividades de la Universidad.\n                <\/p>\n            <\/div>\n            \n            <!-- Definici\u00f3n -->\n            <div class=\"dtic-card\">\n                <h3 class=\"dtic-subtitulo\">DEFINICI\u00d3N<\/h3>\n                <p class=\"dtic-texto\">\n                    La Direcci\u00f3n de Tecnolog\u00edas de Informaci\u00f3n y Comunicaci\u00f3n es parte de la estructura universitaria con car\u00e1cter t\u00e9cnico especializado dependiente del Rectorado de la Universidad T\u00e9cnica de Oruro, cuya actividad fundamental est\u00e1 orientada\n                    a la incorporaci\u00f3n y aprovechamiento de los recursos tecnol\u00f3gicos de punta y el desarrollo de aplicaciones computacionales para mejorar y modernizar las actividades a fin de lograr la misi\u00f3n institucional con eficiencia y eficacia.\n                <\/p>\n            <\/div>\n            \n            <!-- Misi\u00f3n -->\n            <div class=\"dtic-card\">\n                <h3 class=\"dtic-subtitulo\">MISI\u00d3N<\/h3>\n                <p class=\"dtic-texto\">\n                    La Direcci\u00f3n de Tecnolog\u00edas de Informaci\u00f3n y Comunicaci\u00f3n dependiente de la Universidad t\u00e9cnica de Oruro es una direcci\u00f3n con car\u00e1cter t\u00e9cnico especializado que incorpora la tecnolog\u00eda existente y desarrolla aplicaciones computacionales\n                    para modernizar las actividades en el \u00e1mbito Universitario, con la finalidad de lograr un servicio de calidad hacia la poblaci\u00f3n universitaria y un impacto real en el contexto regional y nacional.\n                <\/p>\n            <\/div>\n            \n            <!-- Visi\u00f3n -->\n            <div class=\"dtic-card\">\n                <h3 class=\"dtic-subtitulo\">VISI\u00d3N<\/h3>\n                <p class=\"dtic-texto\">\n                    La Direcci\u00f3n de Tecnolog\u00edas de Informaci\u00f3n y Comunicaci\u00f3n, es la base fundamental de la Universidad en los procesos administrativos y acad\u00e9micos, disponiendo la tecnolog\u00eda de \u00faltima generaci\u00f3n al servicio de la instituci\u00f3n, al mismo tiempo\n                    cuenta con el conjunto de aplicaciones que satisfacen las necesidades institucionales posicionando a la Universidad en el m\u00e1s alto nivel de las instituciones de educaci\u00f3n superior.\n                <\/p>\n            <\/div>\n            \n            <!-- Objetivo General -->\n            <div class=\"dtic-card\">\n                <h3 class=\"dtic-subtitulo\">OBJETIVO GENERAL<\/h3>\n                <p class=\"dtic-texto\">\n                    La Direcci\u00f3n de Tecnolog\u00edas de Informaci\u00f3n y Comunicaci\u00f3n tiene como objetivo proponer y evaluar los planes de corto, mediano y largo plazo, formular los documentos normativos que regulen el accionar de la incorporaci\u00f3n de la tecnolog\u00eda\n                    de punta disponible en la Universidad, as\u00ed como de ejecutar las pol\u00edticas y planes inform\u00e1ticos y tecnol\u00f3gicos de la Instituci\u00f3n, dirige la incorporaci\u00f3n de nuevas tecnolog\u00edas inform\u00e1ticas y la utilizaci\u00f3n apropiada de las redes de\n                    c\u00f3mputo, software y comunicaci\u00f3n inform\u00e1tica.\n                <\/p>\n            <\/div>\n            \n            <!-- Relaciones -->\n            <div class=\"dtic-card\">\n                <h3 class=\"dtic-subtitulo\">RELACIONES<\/h3>\n                \n                <div class=\"relaciones-container\">\n                    <!-- Relaciones Internas -->\n                    <div class=\"relacion-card internas\">\n                        <h4>Internas:<\/h4>\n                        <p>La DTIC se relaciona al interior de la Universidad con las dem\u00e1s direcciones generales, las unidades facultativas y administrativas.<\/p>\n                    <\/div>\n                    \n                    <!-- Relaciones Externas -->\n                    <div class=\"relacion-card externas\">\n                        <h4>Externas:<\/h4>\n                        <p>\n                            La DTIC se relaciona con todas las instituciones del entorno que requieran el apoyo t\u00e9cnico y de informaci\u00f3n por parte de la Universidad T\u00e9cnica de Oruro.\n                        <\/p>\n                    <\/div>\n                <\/div>\n            <\/div>\n            \n            <!-- Nuestras Actividades -->\n            <div class=\"dtic-card\">\n                <h3 class=\"dtic-subtitulo\">NUESTRAS ACTIVIDADES<\/h3>\n                <div class=\"actividades-lista\">\n                    <ul>\n                        <li>\n                            <strong>\u00c1rea Desarrollo de Sistemas Inform\u00e1ticos:<\/strong> \n                            Desarrolla sistemas de informaci\u00f3n al servicio de la poblaci\u00f3n universitaria. Realiza el mantenimiento preventivo y correctivo de los sistemas de informaci\u00f3n existente.\n                        <\/li>\n                        <li>\n                            <strong>\u00c1rea Procesos y Soporte:<\/strong> \n                            Realiza el soporte en Hardware y Software, conforme a requerimiento de las unidades que as\u00ed lo requieran.\n                        <\/li>\n                        <li>\n                            <strong>\u00c1rea Redes e Infraestructura:<\/strong> \n                            Realiza la instalaci\u00f3n de Redes inform\u00e1ticas de alta velocidad. Realiza el monitoreo y el mantenimiento de las redes existentes en la universidad. Realiza proyectos tecnol\u00f3gicos al servicio de la poblaci\u00f3n universitaria.\n                        <\/li>\n                    <\/ul>\n                <\/div>\n            <\/div>\n        <\/div>\n    <\/div>\n<\/div>\n\n\n","protected":false},"excerpt":{"rendered":"<p>DIRECCI\u00d3N DE TECNOLOG\u00cdAS DE LA INFORMACI\u00d3N Y COMUNICACI\u00d3N ANTECEDENTES La Direcci\u00f3n de Tecnolog\u00edas de Informaci\u00f3n y Comunicaci\u00f3n, fue creada el 10 de octubre de 2011, mediante Resoluci\u00f3n Rectoral N\u00ba 529\/11, durante la gesti\u00f3n rectoral del Ing. Rub\u00e9n Medinaceli Ortiz, como consecuencia del proceso de desarrollo institucional, sobre la base del Centro Especializado en Tecnolog\u00edas de [&hellip;]<\/p>\n","protected":false},"author":1,"featured_media":0,"parent":0,"menu_order":0,"comment_status":"closed","ping_status":"closed","template":"","meta":{"_uag_custom_page_level_css":"","site-sidebar-layout":"default","site-content-layout":"","ast-site-content-layout":"default","site-content-style":"default","site-sidebar-style":"default","ast-global-header-display":"","ast-banner-title-visibility":"","ast-main-header-display":"","ast-hfb-above-header-display":"","ast-hfb-below-header-display":"","ast-hfb-mobile-header-display":"","site-post-title":"disabled","ast-breadcrumbs-content":"","ast-featured-img":"","footer-sml-layout":"","theme-transparent-header-meta":"","adv-header-id-meta":"","stick-header-meta":"","header-above-stick-meta":"","header-main-stick-meta":"","header-below-stick-meta":"","astra-migrate-meta-layouts":"default","ast-page-background-enabled":"default","ast-page-background-meta":{"desktop":{"background-color":"var(--ast-global-color-5)","background-image":"","background-repeat":"repeat","background-position":"center center","background-size":"auto","background-attachment":"scroll","background-type":"","background-media":"","overlay-type":"","overlay-color":"","overlay-opacity":"","overlay-gradient":""},"tablet":{"background-color":"","background-image":"","background-repeat":"repeat","background-position":"center center","background-size":"auto","background-attachment":"scroll","background-type":"","background-media":"","overlay-type":"","overlay-color":"","overlay-opacity":"","overlay-gradient":""},"mobile":{"background-color":"","background-image":"","background-repeat":"repeat","background-position":"center center","background-size":"auto","background-attachment":"scroll","background-type":"","background-media":"","overlay-type":"","overlay-color":"","overlay-opacity":"","overlay-gradient":""}},"ast-content-background-meta":{"desktop":{"background-color":"var(--ast-global-color-4)","background-image":"","background-repeat":"repeat","background-position":"center center","background-size":"auto","background-attachment":"scroll","background-type":"","background-media":"","overlay-type":"","overlay-color":"","overlay-opacity":"","overlay-gradient":""},"tablet":{"background-color":"var(--ast-global-color-4)","background-image":"","background-repeat":"repeat","background-position":"center center","background-size":"auto","background-attachment":"scroll","background-type":"","background-media":"","overlay-type":"","overlay-color":"","overlay-opacity":"","overlay-gradient":""},"mobile":{"background-color":"var(--ast-global-color-4)","background-image":"","background-repeat":"repeat","background-position":"center center","background-size":"auto","background-attachment":"scroll","background-type":"","background-media":"","overlay-type":"","overlay-color":"","overlay-opacity":"","overlay-gradient":""}},"_themeisle_gutenberg_block_has_review":false,"footnotes":""},"class_list":["post-94","page","type-page","status-publish","hentry"],"uagb_featured_image_src":{"full":false,"thumbnail":false,"medium":false,"medium_large":false,"large":false,"1536x1536":false,"2048x2048":false},"uagb_author_info":{"display_name":"UTO","author_link":"https:\/\/www.uto.edu.bo\/?author=1"},"uagb_comment_info":0,"uagb_excerpt":"DIRECCI\u00d3N DE TECNOLOG\u00cdAS DE LA INFORMACI\u00d3N Y COMUNICACI\u00d3N ANTECEDENTES La Direcci\u00f3n de Tecnolog\u00edas de Informaci\u00f3n y Comunicaci\u00f3n, fue creada el 10 de octubre de 2011, mediante Resoluci\u00f3n Rectoral N\u00ba 529\/11, durante la gesti\u00f3n rectoral del Ing. Rub\u00e9n Medinaceli Ortiz, como consecuencia del proceso de desarrollo institucional, sobre la base del Centro Especializado en Tecnolog\u00edas de&hellip;","_links":{"self":[{"href":"https:\/\/www.uto.edu.bo\/index.php?rest_route=\/wp\/v2\/pages\/94","targetHints":{"allow":["GET"]}}],"collection":[{"href":"https:\/\/www.uto.edu.bo\/index.php?rest_route=\/wp\/v2\/pages"}],"about":[{"href":"https:\/\/www.uto.edu.bo\/index.php?rest_route=\/wp\/v2\/types\/page"}],"author":[{"embeddable":true,"href":"https:\/\/www.uto.edu.bo\/index.php?rest_route=\/wp\/v2\/users\/1"}],"replies":[{"embeddable":true,"href":"https:\/\/www.uto.edu.bo\/index.php?rest_route=%2Fwp%2Fv2%2Fcomments&post=94"}],"version-history":[{"count":5,"href":"https:\/\/www.uto.edu.bo\/index.php?rest_route=\/wp\/v2\/pages\/94\/revisions"}],"predecessor-version":[{"id":1236,"href":"https:\/\/www.uto.edu.bo\/index.php?rest_route=\/wp\/v2\/pages\/94\/revisions\/1236"}],"wp:attachment":[{"href":"https:\/\/www.uto.edu.bo\/index.php?rest_route=%2Fwp%2Fv2%2Fmedia&parent=94"}],"curies":[{"name":"wp","href":"https:\/\/api.w.org\/{rel}","templated":true}]}}