{"id":93,"date":"2025-09-23T16:46:18","date_gmt":"2025-09-23T14:46:18","guid":{"rendered":"https:\/\/www.uto.edu.bo\/?page_id=93"},"modified":"2025-11-12T20:30:48","modified_gmt":"2025-11-12T19:30:48","slug":"vinculacion","status":"publish","type":"page","link":"https:\/\/www.uto.edu.bo\/?page_id=93","title":{"rendered":"Vinculacion"},"content":{"rendered":"\n<style>\n#vinculacion-container .autoridades-container {\n    background: linear-gradient(135deg, #f5f7fa 0%, #c3cfe2 100%);\n    padding: 60px 20px;\n    min-height: 100vh;\n}\n\n#vinculacion-container .container {\n    max-width: 1200px;\n    margin: 0 auto;\n}\n\n#vinculacion-container h1.vinculacion-titulo-principal {\n    text-align: center;\n    margin-bottom: 40px;\n    color: #2c3e50;\n    font-size: 2.4rem;\n    text-shadow: 1px 1px 3px rgba(0,0,0,0.1);\n    position: relative;\n    padding-bottom: 15px;\n}\n\n#vinculacion-container h1.vinculacion-titulo-principal:after {\n    content: '';\n    position: absolute;\n    bottom: 0;\n    left: 50%;\n    transform: translateX(-50%);\n    width: 200px;\n    height: 4px;\n    background: linear-gradient(to right, #3498db, #2c3e50);\n    border-radius: 2px;\n}\n\n#vinculacion-container .vinculacion-card {\n    background-color: white;\n    border-radius: 20px;\n    box-shadow: 0 15px 35px rgba(0, 0, 0, 0.1);\n    padding: 40px;\n    margin-bottom: 30px;\n    position: relative;\n    overflow: hidden;\n    transition: all 0.4s ease;\n}\n\n#vinculacion-container .vinculacion-card:before {\n    content: '';\n    position: absolute;\n    top: 0;\n    left: 0;\n    width: 100%;\n    height: 6px;\n    background: linear-gradient(to right, #3498db, #2c3e50);\n}\n\n#vinculacion-container .vinculacion-card:hover {\n    transform: translateY(-8px);\n    box-shadow: 0 20px 40px rgba(0, 0, 0, 0.15);\n}\n\n#vinculacion-container h3.vinculacion-subtitulo {\n    color: #2c3e50;\n    font-size: 1.6rem;\n    margin-bottom: 25px;\n    padding-bottom: 10px;\n    border-bottom: 2px solid #3498db;\n    position: relative;\n}\n\n#vinculacion-container h3.vinculacion-subtitulo:after {\n    content: '';\n    position: absolute;\n    bottom: -2px;\n    left: 0;\n    width: 80px;\n    height: 2px;\n    background: linear-gradient(to right, #3498db, #2980b9);\n}\n\n#vinculacion-container p.vinculacion-texto {\n    color: #34495e;\n    font-size: 1.1rem;\n    line-height: 1.7;\n    margin-bottom: 20px;\n    text-align: justify;\n}\n\n#vinculacion-container .vinculacion-lista {\n    background: #f8f9fa;\n    padding: 25px 25px 25px 50px;\n    border-radius: 15px;\n    margin: 25px 0;\n    border-left: 4px solid #3498db;\n    background: linear-gradient(135deg, #f8f9fa 0%, #e3f2fd 100%);\n}\n\n#vinculacion-container .vinculacion-lista ul {\n    list-style: none;\n    padding: 0;\n    margin: 0;\n}\n\n#vinculacion-container .vinculacion-lista li {\n    color: #34495e;\n    font-size: 1.1rem;\n    line-height: 1.6;\n    margin-bottom: 15px;\n    padding: 12px 15px;\n    background: white;\n    border-radius: 8px;\n    box-shadow: 0 3px 10px rgba(0, 0, 0, 0.08);\n    position: relative;\n    transition: all 0.3s ease;\n}\n\n#vinculacion-container .vinculacion-lista li:hover {\n    transform: translateX(5px);\n    box-shadow: 0 5px 15px rgba(0, 0, 0, 0.12);\n}\n\n#vinculacion-container .vinculacion-lista li:before {\n    content: '-';\n    position: absolute;\n    left: -25px;\n    top: 50%;\n    transform: translateY(-50%);\n    font-size: 1.2rem;\n}\n\n#vinculacion-container .perspectiva-futuro {\n    background: linear-gradient(135deg, #ffffff 0%, #f0f8ff 100%);\n    padding: 25px;\n    border-radius: 15px;\n    margin: 25px 0;\n    border-left: 4px solid #27ae60;\n    border-right: 4px solid #27ae60;\n}\n\n#vinculacion-container .perspectiva-futuro p {\n    color: #2c3e50;\n    font-size: 1.1rem;\n    line-height: 1.7;\n    margin-bottom: 0;\n    font-style: italic;\n    text-align: center;\n}\n\n#vinculacion-container .footer-note {\n    text-align: center;\n    margin-top: 50px;\n    color: #7f8c8d;\n    font-style: italic;\n    padding: 20px;\n    background: white;\n    border-radius: 15px;\n    box-shadow: 0 5px 15px rgba(0, 0, 0, 0.1);\n}\n\n\/* Responsive *\/\n@media (max-width: 768px) {\n    #vinculacion-container .vinculacion-card {\n        padding: 30px 20px;\n        margin-bottom: 25px;\n    }\n    \n    #vinculacion-container h1.vinculacion-titulo-principal {\n        font-size: 2rem;\n    }\n    \n    #vinculacion-container h3.vinculacion-subtitulo {\n        font-size: 1.4rem;\n    }\n    \n    #vinculacion-container p.vinculacion-texto {\n        font-size: 1rem;\n        text-align: left;\n    }\n    \n    #vinculacion-container .vinculacion-lista {\n        padding: 20px 20px 20px 40px;\n    }\n    \n    #vinculacion-container .vinculacion-lista li {\n        font-size: 1rem;\n        padding: 10px 12px;\n    }\n    \n    #vinculacion-container .vinculacion-lista li:before {\n        left: -20px;\n    }\n    \n    #vinculacion-container .perspectiva-futuro {\n        padding: 20px;\n    }\n}\n\n@media (max-width: 480px) {\n    #vinculacion-container .autoridades-container {\n        padding: 40px 15px;\n    }\n    \n    #vinculacion-container .vinculacion-card {\n        padding: 25px 15px;\n    }\n    \n    #vinculacion-container h1.vinculacion-titulo-principal {\n        font-size: 1.6rem;\n    }\n    \n    #vinculacion-container h3.vinculacion-subtitulo {\n        font-size: 1.3rem;\n    }\n    \n    #vinculacion-container .vinculacion-lista {\n        padding: 15px 15px 15px 35px;\n    }\n    \n    #vinculacion-container .vinculacion-lista li {\n        font-size: 0.95rem;\n    }\n    \n    #vinculacion-container .vinculacion-lista li:before {\n        left: -18px;\n    }\n    \n    #vinculacion-container .perspectiva-futuro {\n        padding: 18px;\n    }\n}\n<\/style>\n\n<div id=\"vinculacion-container\">\n    <div class=\"autoridades-container\">\n        <div class=\"container\">\n            <h1 class=\"vinculacion-titulo-principal\">DIRECCI\u00d3N DE VINCULACI\u00d3N<\/h1>\n            \n            <!-- Objetivos -->\n            <div class=\"vinculacion-card\">\n                <h3 class=\"vinculacion-subtitulo\">Objetivos<\/h3>\n                <p class=\"vinculacion-texto\">\n                    La direcci\u00f3n de interacci\u00f3n Social, dependiente de la Universidad T\u00e9cnica de Oruro, entra en funcionamiento de actividades a partir de la gesti\u00f3n 2000, con el fin de prestar servicios en base a programas destinados a proporcionar a estudiantes antiguos\n                    y nuevos Diplomas de Bachiller, de modo que puedan continuar con sus estudios superiores. De la misma manera realiza convenios con las distintas unidades facultativas para que los egresados puedan acceder a tramitar sus certificados\n                    de egreso y diplomas acad\u00e9micos.\n                <\/p>\n                <p class=\"vinculacion-texto\">\n                    Dando cumplimiento a la Resoluci\u00f3n del honorable Consejo Supremo Universitario No. 33\/2000 de fecha 11 de Julio, entra en vigencia el programa que permita tener mecanismos acordes para que los estudiantes puedan contar con sus respectivos diplomas de\n                    bachiller, pudiendo ser estos egresado nuevos mediante convenios con los colegios y antiguos a trav\u00e9s de compromisos individuales.\n                <\/p>\n                <p class=\"vinculacion-texto\">\n                    Del mismo modo se ejecutan programas para que universitarios egresados de las distintas Unidades Facultativas puedan obtener sus certificados de egreso o diplomas acad\u00e9micos respectivamente.\n                <\/p>\n                <p class=\"vinculacion-texto\">\n                    Para el cumplimiento de cada uno de los programas mencionados y ejecutados por la Direcci\u00f3n de Interacci\u00f3n social, se instruye al personal de acuerdo a las actividades particulares que deben realizar cada uno de ellos; por lo que se ha dispuesto de acuerdo\n                    a los convenios realizados, contando con encargados exclusivamente para la ejecuci\u00f3n de los mismos de manera que est\u00e9n inmersos respecto al trabajo en concreto que les toca desempe\u00f1ar, complementando este trabajo, con una encargada\n                    exclusivamente de entrega de diplomas y\/o certificados de bachiller, egresos y acad\u00e9micos respectivamente.\n                <\/p>\n\n                <div class=\"perspectiva-futuro\">\n                    <p class=\"vinculacion-texto\">\n                        Una perspectiva a futuro es la de beneficiar a los universitarios que cursan al interior de la UTO, ampliando los convenios con todas las Facultades Acad\u00e9micas, de modo que se puedan cubrir las expectativas de los mismos, quienes pretenden contar con\n                        su documento de Egreso a la conclusi\u00f3n de estudios, como tambi\u00e9n con sus Diplomas Acad\u00e9micos y en Provisi\u00f3n Nacional, lo que derivar\u00eda en el cumplimiento de la misi\u00f3n de la Direcci\u00f3n de Interacci\u00f3n Social que es realizar un\n                        trabajo social, de manera tal que al prestar esta forma de servicio, tambi\u00e9n se generar\u00eda ingresos propios para nuestra Universidad.\n                    <\/p>\n                <\/div>\n            <\/div>\n            \n            <!-- Responsabilidades -->\n            <div class=\"vinculacion-card\">\n                <h3 class=\"vinculacion-subtitulo\">Responsabilidades<\/h3>\n                <p class=\"vinculacion-texto\">\n                    Es responsable de cada una de las siguientes funciones:\n                <\/p>\n                <div class=\"vinculacion-lista\">\n                    <ul>\n                        <li>Programar y desarrollar actividades de orientaci\u00f3n vocacional<\/li>\n                        <li>Difundir documentaci\u00f3n sobre la oferta de carreras y programas de formaci\u00f3n profesional<\/li>\n                        <li>Suscribir convenios con establecimientos de de educaci\u00f3n secundaria fiscal y privada, para posibilitar la entrega oportuna de diplomas de bachiller a los estudiantes de \u00faltimo curso.<\/li>\n                        <li>Coordinar con la Direcci\u00f3n Administrativa y Financiera y Secci\u00f3n T\u00edtulos de la Universidad los procedimientos necesarios para agilizar los tr\u00e1mites.<\/li>\n                    <\/ul>\n                <\/div>\n            <\/div>\n        <\/div>\n    <\/div>\n<\/div>\n","protected":false},"excerpt":{"rendered":"<p>DIRECCI\u00d3N DE VINCULACI\u00d3N Objetivos La direcci\u00f3n de interacci\u00f3n Social, dependiente de la Universidad T\u00e9cnica de Oruro, entra en funcionamiento de actividades a partir de la gesti\u00f3n 2000, con el fin de prestar servicios en base a programas destinados a proporcionar a estudiantes antiguos y nuevos Diplomas de Bachiller, de modo que puedan continuar con sus [&hellip;]<\/p>\n","protected":false},"author":1,"featured_media":0,"parent":0,"menu_order":0,"comment_status":"closed","ping_status":"closed","template":"","meta":{"_uag_custom_page_level_css":"","site-sidebar-layout":"default","site-content-layout":"","ast-site-content-layout":"default","site-content-style":"default","site-sidebar-style":"default","ast-global-header-display":"","ast-banner-title-visibility":"","ast-main-header-display":"","ast-hfb-above-header-display":"","ast-hfb-below-header-display":"","ast-hfb-mobile-header-display":"","site-post-title":"disabled","ast-breadcrumbs-content":"","ast-featured-img":"","footer-sml-layout":"","theme-transparent-header-meta":"","adv-header-id-meta":"","stick-header-meta":"","header-above-stick-meta":"","header-main-stick-meta":"","header-below-stick-meta":"","astra-migrate-meta-layouts":"default","ast-page-background-enabled":"default","ast-page-background-meta":{"desktop":{"background-color":"var(--ast-global-color-5)","background-image":"","background-repeat":"repeat","background-position":"center center","background-size":"auto","background-attachment":"scroll","background-type":"","background-media":"","overlay-type":"","overlay-color":"","overlay-opacity":"","overlay-gradient":""},"tablet":{"background-color":"","background-image":"","background-repeat":"repeat","background-position":"center center","background-size":"auto","background-attachment":"scroll","background-type":"","background-media":"","overlay-type":"","overlay-color":"","overlay-opacity":"","overlay-gradient":""},"mobile":{"background-color":"","background-image":"","background-repeat":"repeat","background-position":"center center","background-size":"auto","background-attachment":"scroll","background-type":"","background-media":"","overlay-type":"","overlay-color":"","overlay-opacity":"","overlay-gradient":""}},"ast-content-background-meta":{"desktop":{"background-color":"var(--ast-global-color-4)","background-image":"","background-repeat":"repeat","background-position":"center center","background-size":"auto","background-attachment":"scroll","background-type":"","background-media":"","overlay-type":"","overlay-color":"","overlay-opacity":"","overlay-gradient":""},"tablet":{"background-color":"var(--ast-global-color-4)","background-image":"","background-repeat":"repeat","background-position":"center center","background-size":"auto","background-attachment":"scroll","background-type":"","background-media":"","overlay-type":"","overlay-color":"","overlay-opacity":"","overlay-gradient":""},"mobile":{"background-color":"var(--ast-global-color-4)","background-image":"","background-repeat":"repeat","background-position":"center center","background-size":"auto","background-attachment":"scroll","background-type":"","background-media":"","overlay-type":"","overlay-color":"","overlay-opacity":"","overlay-gradient":""}},"_themeisle_gutenberg_block_has_review":false,"footnotes":""},"class_list":["post-93","page","type-page","status-publish","hentry"],"uagb_featured_image_src":{"full":false,"thumbnail":false,"medium":false,"medium_large":false,"large":false,"1536x1536":false,"2048x2048":false},"uagb_author_info":{"display_name":"UTO","author_link":"https:\/\/www.uto.edu.bo\/?author=1"},"uagb_comment_info":0,"uagb_excerpt":"DIRECCI\u00d3N DE VINCULACI\u00d3N Objetivos La direcci\u00f3n de interacci\u00f3n Social, dependiente de la Universidad T\u00e9cnica de Oruro, entra en funcionamiento de actividades a partir de la gesti\u00f3n 2000, con el fin de prestar servicios en base a programas destinados a proporcionar a estudiantes antiguos y nuevos Diplomas de Bachiller, de modo que puedan continuar con sus&hellip;","_links":{"self":[{"href":"https:\/\/www.uto.edu.bo\/index.php?rest_route=\/wp\/v2\/pages\/93","targetHints":{"allow":["GET"]}}],"collection":[{"href":"https:\/\/www.uto.edu.bo\/index.php?rest_route=\/wp\/v2\/pages"}],"about":[{"href":"https:\/\/www.uto.edu.bo\/index.php?rest_route=\/wp\/v2\/types\/page"}],"author":[{"embeddable":true,"href":"https:\/\/www.uto.edu.bo\/index.php?rest_route=\/wp\/v2\/users\/1"}],"replies":[{"embeddable":true,"href":"https:\/\/www.uto.edu.bo\/index.php?rest_route=%2Fwp%2Fv2%2Fcomments&post=93"}],"version-history":[{"count":5,"href":"https:\/\/www.uto.edu.bo\/index.php?rest_route=\/wp\/v2\/pages\/93\/revisions"}],"predecessor-version":[{"id":1238,"href":"https:\/\/www.uto.edu.bo\/index.php?rest_route=\/wp\/v2\/pages\/93\/revisions\/1238"}],"wp:attachment":[{"href":"https:\/\/www.uto.edu.bo\/index.php?rest_route=%2Fwp%2Fv2%2Fmedia&parent=93"}],"curies":[{"name":"wp","href":"https:\/\/api.w.org\/{rel}","templated":true}]}}