{"id":90,"date":"2025-09-23T16:46:18","date_gmt":"2025-09-23T14:46:18","guid":{"rendered":"https:\/\/www.uto.edu.bo\/?page_id=90"},"modified":"2025-11-12T16:37:17","modified_gmt":"2025-11-12T15:37:17","slug":"administrativa-financiera","status":"publish","type":"page","link":"https:\/\/www.uto.edu.bo\/?page_id=90","title":{"rendered":"Administrativa Financiera"},"content":{"rendered":"\n<style>\n#daf-container .autoridades-container {\n    background: linear-gradient(135deg, #f5f7fa 0%, #c3cfe2 100%);\n    padding: 60px 20px;\n    min-height: 100vh;\n}\n\n#daf-container .container {\n    max-width: 1200px;\n    margin: 0 auto;\n}\n\n#daf-container h1.daf-titulo-principal {\n    text-align: center;\n    margin-bottom: 40px;\n    color: #2c3e50;\n    font-size: 2.4rem;\n    text-shadow: 1px 1px 3px rgba(0,0,0,0.1);\n    position: relative;\n    padding-bottom: 15px;\n}\n\n#daf-container h1.daf-titulo-principal:after {\n    content: '';\n    position: absolute;\n    bottom: 0;\n    left: 50%;\n    transform: translateX(-50%);\n    width: 300px;\n    height: 4px;\n    background: linear-gradient(to right, #3498db, #2c3e50);\n    border-radius: 2px;\n}\n\n#daf-container .daf-card {\n    background-color: white;\n    border-radius: 20px;\n    box-shadow: 0 15px 35px rgba(0, 0, 0, 0.1);\n    padding: 40px;\n    margin-bottom: 30px;\n    position: relative;\n    overflow: hidden;\n    transition: all 0.4s ease;\n}\n\n#daf-container .daf-card:before {\n    content: '';\n    position: absolute;\n    top: 0;\n    left: 0;\n    width: 100%;\n    height: 6px;\n    background: linear-gradient(to right, #3498db, #2c3e50);\n}\n\n#daf-container .daf-card:hover {\n    transform: translateY(-8px);\n    box-shadow: 0 20px 40px rgba(0, 0, 0, 0.15);\n}\n\n#daf-container h3.daf-subtitulo {\n    color: #2c3e50;\n    font-size: 1.6rem;\n    margin-bottom: 20px;\n    padding-bottom: 10px;\n    border-bottom: 2px solid #3498db;\n    position: relative;\n}\n\n#daf-container h3.daf-subtitulo:after {\n    content: '';\n    position: absolute;\n    bottom: -2px;\n    left: 0;\n    width: 80px;\n    height: 2px;\n    background: linear-gradient(to right, #3498db, #2980b9);\n}\n\n#daf-container p.daf-texto {\n    color: #34495e;\n    font-size: 1.1rem;\n    line-height: 1.7;\n    margin-bottom: 20px;\n    text-align: justify;\n}\n\n#daf-container .relaciones-container {\n    display: flex;\n    gap: 30px;\n    margin-top: 25px;\n}\n\n#daf-container .relacion-card {\n    flex: 1;\n    background: #f8f9fa;\n    padding: 25px;\n    border-radius: 15px;\n    border-left: 4px solid #3498db;\n    transition: all 0.3s ease;\n}\n\n#daf-container .relacion-card:hover {\n    transform: translateY(-5px);\n    box-shadow: 0 10px 25px rgba(0, 0, 0, 0.1);\n}\n\n#daf-container .relacion-card.internas {\n    background: linear-gradient(135deg, #f8f9fa 0%, #e3f2fd 100%);\n    border-left-color: #3498db;\n}\n\n#daf-container .relacion-card.externas {\n    background: linear-gradient(135deg, #f8f9fa 0%, #e8f5e8 100%);\n    border-left-color: #27ae60;\n}\n\n#daf-container .relacion-card h4 {\n    color: #2c3e50;\n    font-size: 1.3rem;\n    margin-bottom: 15px;\n    padding-bottom: 8px;\n    border-bottom: 2px solid;\n}\n\n#daf-container .relacion-card.internas h4 {\n    border-bottom-color: #3498db;\n}\n\n#daf-container .relacion-card.externas h4 {\n    border-bottom-color: #27ae60;\n}\n\n#daf-container .relacion-card p {\n    color: #34495e;\n    font-size: 1.1rem;\n    line-height: 1.6;\n    margin-bottom: 0;\n}\n\n#daf-container .footer-note {\n    text-align: center;\n    margin-top: 50px;\n    color: #7f8c8d;\n    font-style: italic;\n    padding: 20px;\n    background: white;\n    border-radius: 15px;\n    box-shadow: 0 5px 15px rgba(0, 0, 0, 0.1);\n}\n\n\/* Responsive *\/\n@media (max-width: 768px) {\n    #daf-container .daf-card {\n        padding: 30px 20px;\n        margin-bottom: 25px;\n    }\n    \n    #daf-container h1.daf-titulo-principal {\n        font-size: 2rem;\n    }\n    \n    #daf-container h3.daf-subtitulo {\n        font-size: 1.4rem;\n    }\n    \n    #daf-container p.daf-texto {\n        font-size: 1rem;\n        text-align: left;\n    }\n    \n    #daf-container .relaciones-container {\n        flex-direction: column;\n        gap: 20px;\n    }\n    \n    #daf-container .relacion-card {\n        padding: 20px;\n    }\n}\n\n@media (max-width: 480px) {\n    #daf-container .autoridades-container {\n        padding: 40px 15px;\n    }\n    \n    #daf-container .daf-card {\n        padding: 25px 15px;\n    }\n    \n    #daf-container h1.daf-titulo-principal {\n        font-size: 1.6rem;\n    }\n    \n    #daf-container h3.daf-subtitulo {\n        font-size: 1.3rem;\n    }\n    \n    #daf-container .relacion-card {\n        padding: 18px;\n    }\n    \n    #daf-container .relacion-card h4 {\n        font-size: 1.2rem;\n    }\n    \n    #daf-container .relacion-card p {\n        font-size: 1rem;\n    }\n}\n<\/style>\n\n<div id=\"daf-container\">\n    <div class=\"autoridades-container\">\n        <div class=\"container\">\n            <h1 class=\"daf-titulo-principal\">DIRECCI\u00d3N ADMINISTRATIVA Y FINANCIERA<\/h1>\n            \n            <!-- Objetivos -->\n            <div class=\"daf-card\">\n                <h3 class=\"daf-subtitulo\">Objetivos:<\/h3>\n                <p class=\"daf-texto\">\n                    Es una unidad de car\u00e1cter t\u00e9cnico-administrativa, encargada de desarrollar los procesos relacionados con la planificaci\u00f3n, programaci\u00f3n y ejecuci\u00f3n presupuestaria, control contable, adquisiciones, servicios administrativos y administraci\u00f3n de recursos\n                    humanos, de acuerdo a pol\u00edticas establecidas por instrucciones superiores del gobierno universitario.\n                <\/p>\n            <\/div>\n            \n            <!-- Responsabilidad -->\n            <div class=\"daf-card\">\n                <h3 class=\"daf-subtitulo\">Responsabilidad:<\/h3>\n                <p class=\"daf-texto\">\n                    Es responsable de la administraci\u00f3n de todos los recursos econ\u00f3micos enmarcados dentro del Presupuesto Universitario de cada gesti\u00f3n, el mismo que es emanado por el Honorable Consejo Universitario.\n                <\/p>\n            <\/div>\n            \n            <!-- Relaciones -->\n            <div class=\"daf-card\">\n                <h3 class=\"daf-subtitulo\">Relaciones:<\/h3>\n                \n                <div class=\"relaciones-container\">\n                    <!-- Relaciones Internas -->\n                    <div class=\"relacion-card internas\">\n                        <h4>Internas:<\/h4>\n                        <p>Con las direcciones universitarias, unidades facultativas y dependencias administrativas.<\/p>\n                    <\/div>\n                    \n                    <!-- Relaciones Externas -->\n                    <div class=\"relacion-card externas\">\n                        <h4>Externas:<\/h4>\n                        <p>\n                            Con el Comit\u00e9 Ejecutivo de la Universidad Boliviana, Universidades del Sistema, Contralor\u00eda General de La Rep\u00fablica, con los Ministerios del Poder Ejecutivo, entidades bancarias y otros organismos del sector p\u00fablico en el \u00e1rea econ\u00f3mica y financiera en\n                            el \u00e1mbito de su competencia.\n                        <\/p>\n                    <\/div>\n                <\/div>\n            <\/div>\n        <\/div>\n    <\/div>\n<\/div>\n","protected":false},"excerpt":{"rendered":"<p>DIRECCI\u00d3N ADMINISTRATIVA Y FINANCIERA Objetivos: Es una unidad de car\u00e1cter t\u00e9cnico-administrativa, encargada de desarrollar los procesos relacionados con la planificaci\u00f3n, programaci\u00f3n y ejecuci\u00f3n presupuestaria, control contable, adquisiciones, servicios administrativos y administraci\u00f3n de recursos humanos, de acuerdo a pol\u00edticas establecidas por instrucciones superiores del gobierno universitario. Responsabilidad: Es responsable de la administraci\u00f3n de todos los recursos [&hellip;]<\/p>\n","protected":false},"author":1,"featured_media":0,"parent":0,"menu_order":0,"comment_status":"closed","ping_status":"closed","template":"","meta":{"_uag_custom_page_level_css":"","site-sidebar-layout":"default","site-content-layout":"","ast-site-content-layout":"default","site-content-style":"default","site-sidebar-style":"default","ast-global-header-display":"","ast-banner-title-visibility":"","ast-main-header-display":"","ast-hfb-above-header-display":"","ast-hfb-below-header-display":"","ast-hfb-mobile-header-display":"","site-post-title":"disabled","ast-breadcrumbs-content":"","ast-featured-img":"","footer-sml-layout":"","theme-transparent-header-meta":"","adv-header-id-meta":"","stick-header-meta":"","header-above-stick-meta":"","header-main-stick-meta":"","header-below-stick-meta":"","astra-migrate-meta-layouts":"default","ast-page-background-enabled":"default","ast-page-background-meta":{"desktop":{"background-color":"var(--ast-global-color-5)","background-image":"","background-repeat":"repeat","background-position":"center center","background-size":"auto","background-attachment":"scroll","background-type":"","background-media":"","overlay-type":"","overlay-color":"","overlay-opacity":"","overlay-gradient":""},"tablet":{"background-color":"","background-image":"","background-repeat":"repeat","background-position":"center center","background-size":"auto","background-attachment":"scroll","background-type":"","background-media":"","overlay-type":"","overlay-color":"","overlay-opacity":"","overlay-gradient":""},"mobile":{"background-color":"","background-image":"","background-repeat":"repeat","background-position":"center center","background-size":"auto","background-attachment":"scroll","background-type":"","background-media":"","overlay-type":"","overlay-color":"","overlay-opacity":"","overlay-gradient":""}},"ast-content-background-meta":{"desktop":{"background-color":"var(--ast-global-color-4)","background-image":"","background-repeat":"repeat","background-position":"center center","background-size":"auto","background-attachment":"scroll","background-type":"","background-media":"","overlay-type":"","overlay-color":"","overlay-opacity":"","overlay-gradient":""},"tablet":{"background-color":"var(--ast-global-color-4)","background-image":"","background-repeat":"repeat","background-position":"center center","background-size":"auto","background-attachment":"scroll","background-type":"","background-media":"","overlay-type":"","overlay-color":"","overlay-opacity":"","overlay-gradient":""},"mobile":{"background-color":"var(--ast-global-color-4)","background-image":"","background-repeat":"repeat","background-position":"center center","background-size":"auto","background-attachment":"scroll","background-type":"","background-media":"","overlay-type":"","overlay-color":"","overlay-opacity":"","overlay-gradient":""}},"_themeisle_gutenberg_block_has_review":false,"footnotes":""},"class_list":["post-90","page","type-page","status-publish","hentry"],"uagb_featured_image_src":{"full":false,"thumbnail":false,"medium":false,"medium_large":false,"large":false,"1536x1536":false,"2048x2048":false},"uagb_author_info":{"display_name":"UTO","author_link":"https:\/\/www.uto.edu.bo\/?author=1"},"uagb_comment_info":0,"uagb_excerpt":"DIRECCI\u00d3N ADMINISTRATIVA Y FINANCIERA Objetivos: Es una unidad de car\u00e1cter t\u00e9cnico-administrativa, encargada de desarrollar los procesos relacionados con la planificaci\u00f3n, programaci\u00f3n y ejecuci\u00f3n presupuestaria, control contable, adquisiciones, servicios administrativos y administraci\u00f3n de recursos humanos, de acuerdo a pol\u00edticas establecidas por instrucciones superiores del gobierno universitario. Responsabilidad: Es responsable de la administraci\u00f3n de todos los recursos&hellip;","_links":{"self":[{"href":"https:\/\/www.uto.edu.bo\/index.php?rest_route=\/wp\/v2\/pages\/90","targetHints":{"allow":["GET"]}}],"collection":[{"href":"https:\/\/www.uto.edu.bo\/index.php?rest_route=\/wp\/v2\/pages"}],"about":[{"href":"https:\/\/www.uto.edu.bo\/index.php?rest_route=\/wp\/v2\/types\/page"}],"author":[{"embeddable":true,"href":"https:\/\/www.uto.edu.bo\/index.php?rest_route=\/wp\/v2\/users\/1"}],"replies":[{"embeddable":true,"href":"https:\/\/www.uto.edu.bo\/index.php?rest_route=%2Fwp%2Fv2%2Fcomments&post=90"}],"version-history":[{"count":4,"href":"https:\/\/www.uto.edu.bo\/index.php?rest_route=\/wp\/v2\/pages\/90\/revisions"}],"predecessor-version":[{"id":1207,"href":"https:\/\/www.uto.edu.bo\/index.php?rest_route=\/wp\/v2\/pages\/90\/revisions\/1207"}],"wp:attachment":[{"href":"https:\/\/www.uto.edu.bo\/index.php?rest_route=%2Fwp%2Fv2%2Fmedia&parent=90"}],"curies":[{"name":"wp","href":"https:\/\/api.w.org\/{rel}","templated":true}]}}