{"id":86,"date":"2025-09-23T16:46:17","date_gmt":"2025-09-23T14:46:17","guid":{"rendered":"https:\/\/www.uto.edu.bo\/?page_id=86"},"modified":"2025-11-12T20:05:56","modified_gmt":"2025-11-12T19:05:56","slug":"historia","status":"publish","type":"page","link":"https:\/\/www.uto.edu.bo\/?page_id=86","title":{"rendered":"Historia"},"content":{"rendered":"\n<div class=\"wp-block-cover alignfull\"><img decoding=\"async\" width=\"500\" height=\"500\" class=\"wp-block-cover__image-background wp-image-1074 size-full lazyload\" alt=\"\" data-src=\"https:\/\/www.uto.edu.bo\/wp-content\/uploads\/2025\/10\/UTO-DORADO-1.webp\" data-object-fit=\"cover\" data-srcset=\"https:\/\/www.uto.edu.bo\/wp-content\/uploads\/2025\/10\/UTO-DORADO-1.webp 500w, https:\/\/www.uto.edu.bo\/wp-content\/uploads\/2025\/10\/UTO-DORADO-1-300x300.webp 300w, https:\/\/www.uto.edu.bo\/wp-content\/uploads\/2025\/10\/UTO-DORADO-1-150x150.webp 150w\" data-sizes=\"(max-width: 500px) 100vw, 500px\" src=\"data:image\/svg+xml;base64,PHN2ZyB3aWR0aD0iMSIgaGVpZ2h0PSIxIiB4bWxucz0iaHR0cDovL3d3dy53My5vcmcvMjAwMC9zdmciPjwvc3ZnPg==\" style=\"--smush-placeholder-width: 500px; --smush-placeholder-aspect-ratio: 500\/500;\" \/><span aria-hidden=\"true\" class=\"wp-block-cover__background has-background-dim-60 has-background-dim\" style=\"background-color:#0a437d\"><\/span><div class=\"wp-block-cover__inner-container is-layout-flow wp-block-cover-is-layout-flow\">\n<p class=\"has-text-align-center has-border-color has-ast-global-color-4-border-color has-ast-global-color-4-color has-text-color has-link-color has-x-large-font-size wp-elements-e6b0deb5b3ee25b8d8fdff4adbfba8f3\" style=\"border-width:2px;border-radius:20px\"><strong>HISTORIA DE LA UNIVERSIDAD TECNICA DE ORURO<\/strong> <\/p>\n\n\n\n<p class=\"has-text-align-center has-ast-global-color-4-color has-text-color has-link-color has-medium-font-size wp-elements-c352cd38357298ee041073eaaf6a9a2f\"><strong>Formando profesionales de excelencia con valores \u00e9ticos y compromiso social.<\/strong><\/p>\n<\/div><\/div>\n\n\n\n<div style=\"height:28px\" aria-hidden=\"true\" class=\"wp-block-spacer\"><\/div>\n\n\n\n<div class=\"wp-block-uagb-container uagb-block-8125e327 default uagb-is-root-container\">\n<p>La Universidad T\u00e9cnica de Oruro (UTO) fue fundada el&nbsp;<strong>17 de octubre de 1930<\/strong>&nbsp;mediante Decreto Supremo, con el objetivo de formar profesionales t\u00e9cnicos y cient\u00edficos comprometidos con el desarrollo del pa\u00eds. Desde sus inicios, ha sido un referente en educaci\u00f3n superior en el occidente boliviano<\/p>\n\n\n\n<div id=\"wp-block-themeisle-blocks-timeline-1d901d54\" class=\"wp-block-themeisle-blocks-timeline\"><div class=\"o-timeline-root\">\n<div id=\"wp-block-themeisle-blocks-timeline-item-db9c24e0\" class=\"wp-block-themeisle-blocks-timeline-item\"><div class=\"o-timeline-container\"><div class=\"o-timeline-icon\"><i class=\"fas fa-circle\"><\/i><\/div><div class=\"o-timeline-content\">\n<p class=\"has-small-font-size\">1937<\/p>\n\n\n\n<h3 class=\"wp-block-heading\">Autonom\u00eda Universitaria<\/h3>\n\n\n\n<p>En 1937, bajo el gobierno de Germ\u00e1n Busch, el Distrito Universitario obtuvo autonom\u00eda y pas\u00f3 a llamarse Universidad de San Agust\u00edn.<\/p>\n<\/div><\/div><\/div>\n\n\n\n<div id=\"wp-block-themeisle-blocks-timeline-item-37020362\" class=\"wp-block-themeisle-blocks-timeline-item\"><div class=\"o-timeline-container\"><div class=\"o-timeline-icon\"><i class=\"fas fa-circle\"><\/i><\/div><div class=\"o-timeline-content\">\n<p class=\"has-small-font-size\">1941<\/p>\n\n\n\n<h3 class=\"wp-block-heading\">Orientaci\u00f3n Tecnica<\/h3>\n\n\n\n<p>El 31 de marzo de 1941, con el rector Josermo Murillo Vacarreza, la instituci\u00f3n adopt\u00f3 el nombre de Universidad T\u00e9cnica de Oruro (UTO) para reflejar su enfoque en la formaci\u00f3n t\u00e9cnica ligada a la producci\u00f3n regional.<\/p>\n<\/div><\/div><\/div>\n\n\n\n<div id=\"wp-block-themeisle-blocks-timeline-item-fa96b8b8\" class=\"wp-block-themeisle-blocks-timeline-item\"><div class=\"o-timeline-container\"><div class=\"o-timeline-icon\"><i class=\"fas fa-circle\"><\/i><\/div><div class=\"o-timeline-content\">\n<p class=\"has-small-font-size\"><\/p>\n\n\n\n<h3 class=\"wp-block-heading\">Actualidad<\/h3>\n\n\n\n<p>Hoy, la UTO es una universidad p\u00fablica, aut\u00f3noma y diversificada, que ofrece carreras de pregrado y posgrado, y se destaca por su calidad acad\u00e9mica, investigaci\u00f3n y aporte al desarrollo de Oruro y Bolivia.<\/p>\n<\/div><\/div><\/div>\n<\/div><\/div>\n<\/div>\n\n\n\n<div style=\"height:39px\" aria-hidden=\"true\" class=\"wp-block-spacer\"><\/div>\n\n\n\n<p><\/p>\n","protected":false},"excerpt":{"rendered":"<p>La Universidad T\u00e9cnica de Oruro (UTO) fue fundada el&nbsp;17 de octubre de 1930&nbsp;mediante Decreto Supremo, con el objetivo de formar profesionales t\u00e9cnicos y cient\u00edficos comprometidos con el desarrollo del pa\u00eds. Desde sus inicios, ha sido un referente en educaci\u00f3n superior en el occidente boliviano<\/p>\n","protected":false},"author":1,"featured_media":0,"parent":0,"menu_order":0,"comment_status":"closed","ping_status":"closed","template":"","meta":{"_uag_custom_page_level_css":"","site-sidebar-layout":"default","site-content-layout":"","ast-site-content-layout":"default","site-content-style":"default","site-sidebar-style":"default","ast-global-header-display":"","ast-banner-title-visibility":"","ast-main-header-display":"","ast-hfb-above-header-display":"","ast-hfb-below-header-display":"","ast-hfb-mobile-header-display":"","site-post-title":"disabled","ast-breadcrumbs-content":"","ast-featured-img":"","footer-sml-layout":"","theme-transparent-header-meta":"","adv-header-id-meta":"","stick-header-meta":"","header-above-stick-meta":"","header-main-stick-meta":"","header-below-stick-meta":"","astra-migrate-meta-layouts":"default","ast-page-background-enabled":"default","ast-page-background-meta":{"desktop":{"background-color":"var(--ast-global-color-5)","background-image":"","background-repeat":"repeat","background-position":"center center","background-size":"auto","background-attachment":"scroll","background-type":"","background-media":"","overlay-type":"","overlay-color":"","overlay-opacity":"","overlay-gradient":""},"tablet":{"background-color":"","background-image":"","background-repeat":"repeat","background-position":"center center","background-size":"auto","background-attachment":"scroll","background-type":"","background-media":"","overlay-type":"","overlay-color":"","overlay-opacity":"","overlay-gradient":""},"mobile":{"background-color":"","background-image":"","background-repeat":"repeat","background-position":"center center","background-size":"auto","background-attachment":"scroll","background-type":"","background-media":"","overlay-type":"","overlay-color":"","overlay-opacity":"","overlay-gradient":""}},"ast-content-background-meta":{"desktop":{"background-color":"var(--ast-global-color-4)","background-image":"","background-repeat":"repeat","background-position":"center center","background-size":"auto","background-attachment":"scroll","background-type":"","background-media":"","overlay-type":"","overlay-color":"","overlay-opacity":"","overlay-gradient":""},"tablet":{"background-color":"var(--ast-global-color-4)","background-image":"","background-repeat":"repeat","background-position":"center center","background-size":"auto","background-attachment":"scroll","background-type":"","background-media":"","overlay-type":"","overlay-color":"","overlay-opacity":"","overlay-gradient":""},"mobile":{"background-color":"var(--ast-global-color-4)","background-image":"","background-repeat":"repeat","background-position":"center center","background-size":"auto","background-attachment":"scroll","background-type":"","background-media":"","overlay-type":"","overlay-color":"","overlay-opacity":"","overlay-gradient":""}},"_themeisle_gutenberg_block_has_review":false,"footnotes":""},"class_list":["post-86","page","type-page","status-publish","hentry"],"uagb_featured_image_src":{"full":false,"thumbnail":false,"medium":false,"medium_large":false,"large":false,"1536x1536":false,"2048x2048":false},"uagb_author_info":{"display_name":"UTO","author_link":"https:\/\/www.uto.edu.bo\/?author=1"},"uagb_comment_info":0,"uagb_excerpt":"La Universidad T\u00e9cnica de Oruro (UTO) fue fundada el&nbsp;17 de octubre de 1930&nbsp;mediante Decreto Supremo, con el objetivo de formar profesionales t\u00e9cnicos y cient\u00edficos comprometidos con el desarrollo del pa\u00eds. Desde sus inicios, ha sido un referente en educaci\u00f3n superior en el occidente boliviano","_links":{"self":[{"href":"https:\/\/www.uto.edu.bo\/index.php?rest_route=\/wp\/v2\/pages\/86","targetHints":{"allow":["GET"]}}],"collection":[{"href":"https:\/\/www.uto.edu.bo\/index.php?rest_route=\/wp\/v2\/pages"}],"about":[{"href":"https:\/\/www.uto.edu.bo\/index.php?rest_route=\/wp\/v2\/types\/page"}],"author":[{"embeddable":true,"href":"https:\/\/www.uto.edu.bo\/index.php?rest_route=\/wp\/v2\/users\/1"}],"replies":[{"embeddable":true,"href":"https:\/\/www.uto.edu.bo\/index.php?rest_route=%2Fwp%2Fv2%2Fcomments&post=86"}],"version-history":[{"count":16,"href":"https:\/\/www.uto.edu.bo\/index.php?rest_route=\/wp\/v2\/pages\/86\/revisions"}],"predecessor-version":[{"id":1227,"href":"https:\/\/www.uto.edu.bo\/index.php?rest_route=\/wp\/v2\/pages\/86\/revisions\/1227"}],"wp:attachment":[{"href":"https:\/\/www.uto.edu.bo\/index.php?rest_route=%2Fwp%2Fv2%2Fmedia&parent=86"}],"curies":[{"name":"wp","href":"https:\/\/api.w.org\/{rel}","templated":true}]}}