{"id":215,"date":"2025-09-23T22:52:59","date_gmt":"2025-09-23T20:52:59","guid":{"rendered":"https:\/\/www.uto.edu.bo\/?page_id=215"},"modified":"2026-01-16T23:03:11","modified_gmt":"2026-01-16T22:03:11","slug":"contactos","status":"publish","type":"page","link":"https:\/\/www.uto.edu.bo\/?page_id=215","title":{"rendered":"Contactos"},"content":{"rendered":"\n<!DOCTYPE html>\n<html lang=\"es\">\n<head>\n    <meta charset=\"UTF-8\">\n    <meta name=\"viewport\" content=\"width=device-width, initial-scale=1.0\">\n    <title>Contacto &#8211; Universidad T\u00e9cnica de Oruro<\/title>\n    <style>\n        * {\n            margin: 0;\n            padding: 0;\n            box-sizing: border-box;\n            font-family: 'Segoe UI', Tahoma, Geneva, Verdana, sans-serif;\n        }\n\n        .contacto-container {\n            background: linear-gradient(135deg, #f5f7fa 0%, #c3cfe2 100%);\n            padding: 60px 20px;\n            min-height: 100vh;\n        }\n\n        .contacto-container .container {\n            max-width: 1200px;\n            margin: 0 auto;\n        }\n\n        .contacto-container h1.contacto-titulo-principal {\n            text-align: center;\n            margin-bottom: 50px;\n            color: #2c3e50;\n            font-size: 2.8rem;\n            text-shadow: 1px 1px 3px rgba(0,0,0,0.1);\n            position: relative;\n            padding-bottom: 15px;\n        }\n\n        .contacto-container h1.contacto-titulo-principal:after {\n            content: '';\n            position: absolute;\n            bottom: 0;\n            left: 50%;\n            transform: translateX(-50%);\n            width: 150px;\n            height: 4px;\n            background: linear-gradient(to right, #3498db, #2c3e50);\n            border-radius: 2px;\n        }\n\n        .contenido {\n            display: flex;\n            justify-content: center;\n            gap: 40px;\n            align-items: stretch;\n        }\n\n        .map-column {\n            flex: 1;\n            max-width: 800px;\n            background-color: white;\n            border-radius: 20px;\n            box-shadow: 0 15px 35px rgba(0, 0, 0, 0.1);\n            padding: 40px 30px;\n            transition: all 0.4s ease;\n            position: relative;\n            overflow: hidden;\n        }\n\n        .map-column:before {\n            content: '';\n            position: absolute;\n            top: 0;\n            left: 0;\n            width: 100%;\n            height: 6px;\n            border-radius: 20px 20px 0 0;\n            background: linear-gradient(to right, #e74c3c, #c0392b);\n        }\n\n        .map-column:hover {\n            transform: translateY(-10px);\n            box-shadow: 0 20px 40px rgba(0, 0, 0, 0.15);\n        }\n\n        .contacto-container h2 {\n            font-weight: bold;\n            color: #2c3e50;\n            margin-bottom: 25px;\n            font-size: 1.8rem;\n            letter-spacing: 1px;\n            text-align: center;\n            position: relative;\n            padding-bottom: 10px;\n        }\n\n        .contacto-container h2:after {\n            content: '';\n            position: absolute;\n            bottom: 0;\n            left: 50%;\n            transform: translateX(-50%);\n            width: 80px;\n            height: 3px;\n            background: linear-gradient(to right, #3498db, #2c3e50);\n            border-radius: 2px;\n        }\n\n        .map-column iframe {\n            width: 100%;\n            height: 400px;\n            border-radius: 10px;\n            border: none;\n            box-shadow: 0 5px 15px rgba(0, 0, 0, 0.1);\n        }\n\n        .info-adicional {\n            margin-top: 20px;\n            padding: 15px;\n            background: linear-gradient(135deg, #f8f9fa 0%, #e3f2fd 100%);\n            border-radius: 10px;\n            border-left: 4px solid #3498db;\n        }\n\n        .info-adicional h3 {\n            color: #2c3e50;\n            margin-bottom: 10px;\n            font-size: 1.2rem;\n        }\n\n        .info-adicional p {\n            color: #34495e;\n            line-height: 1.3 !important;\n        }\n\n        .info-adicional a {\n            margin-left: 30px;\n        }\n\n        @media (max-width: 1024px) {\n            .contenido {\n                gap: 30px;\n            }\n            \n            .map-column {\n                padding: 30px 25px;\n            }\n        }\n\n        @media (max-width: 768px) {\n            .contenido {\n                flex-direction: column;\n                gap: 30px;\n            }\n            \n            .map-column {\n                width: 100%;\n                padding: 30px 20px;\n            }\n            \n            .contacto-container h1.contacto-titulo-principal {\n                font-size: 2.2rem;\n            }\n            \n            .contacto-container h2 {\n                font-size: 1.6rem;\n            }\n        }\n\n        @media (max-width: 480px) {\n            .contacto-container {\n                padding: 40px 15px;\n            }\n            \n            .map-column {\n                padding: 25px 15px;\n            }\n            \n            .contacto-container h1.contacto-titulo-principal {\n                font-size: 2rem;\n            }\n            \n            .contacto-container h2 {\n                font-size: 1.5rem;\n            }\n        }\n    <\/style>\n<\/head>\n<body>\n    <div class=\"contacto-container\">\n        <div class=\"container\">\n            <h1 class=\"contacto-titulo-principal\">Cont\u00e1ctenos<\/h1>\n            \n            <div class=\"contenido\">\n                <div class=\"map-column\">\n                    <h2>Ubicaci\u00f3n<\/h2>\n                    <iframe data-src=\"https:\/\/www.google.com\/maps\/embed?pb=!1m18!1m12!1m3!1d2659.927036645067!2d-67.1129611675364!3d-17.96806035401374!2m3!1f0!2f0!3f0!3m2!1i1024!2i768!4f13.1!3m3!1m2!1s0x93e2b0bb7974fcdd%3A0xdffa3144a98ba716!2sUniversidad%20T%C3%A9cnica%20de%20Oruro!5e0!3m2!1ses-419!2sbo!4v1725854248888!5m2!1ses-419!2sbo\" allowfullscreen=\"\" referrerpolicy=\"no-referrer-when-downgrade\" src=\"data:image\/svg+xml;base64,PHN2ZyB3aWR0aD0iMSIgaGVpZ2h0PSIxIiB4bWxucz0iaHR0cDovL3d3dy53My5vcmcvMjAwMC9zdmciPjwvc3ZnPg==\" class=\"lazyload\" data-load-mode=\"1\"><\/iframe>\n                    \n                    <div class=\"info-adicional\">\n                        <h3>Informaci\u00f3n de Contacto<\/h3>\n                        <p><strong>Direcci\u00f3n:<\/strong> Av. 6 de Octubre, Oruro, Bolivia<\/p>\n                        <p><strong>Tel\u00e9fono:<\/strong> +591 2 123 4567<\/p>\n                        <p><strong>Emails:<\/strong><\/p>\n                        <p><a href=\"mailto:informaciones@uto.edu.bo\">informaciones@uto.edu.bo<\/a><\/p>\n                        <p><a href=\"mailto:rector@uto.edu.bo\">rector@uto.edu.bo<\/a><\/p>\n                    <\/div>\n                <\/div>\n            <\/div>\n        <\/div>\n    <\/div>\n<\/body>\n<\/html>\n\n","protected":false},"excerpt":{"rendered":"<p>Contacto &#8211; Universidad T\u00e9cnica de Oruro Cont\u00e1ctenos Ubicaci\u00f3n Informaci\u00f3n de Contacto Direcci\u00f3n: Av. 6 de Octubre, Oruro, Bolivia Tel\u00e9fono: +591 2 123 4567 Emails: informaciones@uto.edu.bo rector@uto.edu.bo<\/p>\n","protected":false},"author":1,"featured_media":0,"parent":0,"menu_order":0,"comment_status":"closed","ping_status":"closed","template":"","meta":{"_uag_custom_page_level_css":"","site-sidebar-layout":"default","site-content-layout":"","ast-site-content-layout":"default","site-content-style":"default","site-sidebar-style":"default","ast-global-header-display":"","ast-banner-title-visibility":"","ast-main-header-display":"","ast-hfb-above-header-display":"","ast-hfb-below-header-display":"","ast-hfb-mobile-header-display":"","site-post-title":"disabled","ast-breadcrumbs-content":"","ast-featured-img":"","footer-sml-layout":"","theme-transparent-header-meta":"","adv-header-id-meta":"","stick-header-meta":"","header-above-stick-meta":"","header-main-stick-meta":"","header-below-stick-meta":"","astra-migrate-meta-layouts":"default","ast-page-background-enabled":"default","ast-page-background-meta":{"desktop":{"background-color":"var(--ast-global-color-5)","background-image":"","background-repeat":"repeat","background-position":"center center","background-size":"auto","background-attachment":"scroll","background-type":"","background-media":"","overlay-type":"","overlay-color":"","overlay-opacity":"","overlay-gradient":""},"tablet":{"background-color":"","background-image":"","background-repeat":"repeat","background-position":"center center","background-size":"auto","background-attachment":"scroll","background-type":"","background-media":"","overlay-type":"","overlay-color":"","overlay-opacity":"","overlay-gradient":""},"mobile":{"background-color":"","background-image":"","background-repeat":"repeat","background-position":"center center","background-size":"auto","background-attachment":"scroll","background-type":"","background-media":"","overlay-type":"","overlay-color":"","overlay-opacity":"","overlay-gradient":""}},"ast-content-background-meta":{"desktop":{"background-color":"var(--ast-global-color-4)","background-image":"","background-repeat":"repeat","background-position":"center center","background-size":"auto","background-attachment":"scroll","background-type":"","background-media":"","overlay-type":"","overlay-color":"","overlay-opacity":"","overlay-gradient":""},"tablet":{"background-color":"var(--ast-global-color-4)","background-image":"","background-repeat":"repeat","background-position":"center center","background-size":"auto","background-attachment":"scroll","background-type":"","background-media":"","overlay-type":"","overlay-color":"","overlay-opacity":"","overlay-gradient":""},"mobile":{"background-color":"var(--ast-global-color-4)","background-image":"","background-repeat":"repeat","background-position":"center center","background-size":"auto","background-attachment":"scroll","background-type":"","background-media":"","overlay-type":"","overlay-color":"","overlay-opacity":"","overlay-gradient":""}},"_themeisle_gutenberg_block_has_review":false,"footnotes":""},"class_list":["post-215","page","type-page","status-publish","hentry"],"uagb_featured_image_src":{"full":false,"thumbnail":false,"medium":false,"medium_large":false,"large":false,"1536x1536":false,"2048x2048":false},"uagb_author_info":{"display_name":"UTO","author_link":"https:\/\/www.uto.edu.bo\/?author=1"},"uagb_comment_info":0,"uagb_excerpt":"Contacto &#8211; Universidad T\u00e9cnica de Oruro Cont\u00e1ctenos Ubicaci\u00f3n Informaci\u00f3n de Contacto Direcci\u00f3n: Av. 6 de Octubre, Oruro, Bolivia Tel\u00e9fono: +591 2 123 4567 Emails: informaciones@uto.edu.bo rector@uto.edu.bo","_links":{"self":[{"href":"https:\/\/www.uto.edu.bo\/index.php?rest_route=\/wp\/v2\/pages\/215","targetHints":{"allow":["GET"]}}],"collection":[{"href":"https:\/\/www.uto.edu.bo\/index.php?rest_route=\/wp\/v2\/pages"}],"about":[{"href":"https:\/\/www.uto.edu.bo\/index.php?rest_route=\/wp\/v2\/types\/page"}],"author":[{"embeddable":true,"href":"https:\/\/www.uto.edu.bo\/index.php?rest_route=\/wp\/v2\/users\/1"}],"replies":[{"embeddable":true,"href":"https:\/\/www.uto.edu.bo\/index.php?rest_route=%2Fwp%2Fv2%2Fcomments&post=215"}],"version-history":[{"count":9,"href":"https:\/\/www.uto.edu.bo\/index.php?rest_route=\/wp\/v2\/pages\/215\/revisions"}],"predecessor-version":[{"id":1785,"href":"https:\/\/www.uto.edu.bo\/index.php?rest_route=\/wp\/v2\/pages\/215\/revisions\/1785"}],"wp:attachment":[{"href":"https:\/\/www.uto.edu.bo\/index.php?rest_route=%2Fwp%2Fv2%2Fmedia&parent=215"}],"curies":[{"name":"wp","href":"https:\/\/api.w.org\/{rel}","templated":true}]}}