{"id":1959,"date":"2026-01-28T16:42:09","date_gmt":"2026-01-28T15:42:09","guid":{"rendered":"https:\/\/www.uto.edu.bo\/?page_id=1959"},"modified":"2026-01-28T16:54:00","modified_gmt":"2026-01-28T15:54:00","slug":"admisiones-especiales","status":"publish","type":"page","link":"https:\/\/www.uto.edu.bo\/admisiones-especiales\/","title":{"rendered":"Admisiones Especiales"},"content":{"rendered":"\n<style>\n.admitidos-table {\n    width: 100%;\n    max-width: 900px;\n    margin: 25px auto;\n    border-collapse: collapse;\n    font-family: 'Segoe UI', Tahoma, Geneva, Verdana, sans-serif;\n}\n\n.admitidos-table td {\n    padding: 0; \/* importante para que el <a> ocupe todo *\/\n    border: 1px solid #ddd;\n}\n\n.admitidos-table td a.admitido-link {\n    position: relative;\n    display: flex;\n    align-items: center;\n    justify-content: space-between;\n    gap: 15px;\n    padding: 16px 18px 16px 22px; \/* espacio extra para el borde *\/\n    text-decoration: none;\n    color: #2c3e50;\n    font-size: 1rem;\n    transition: background-color 0.2s ease, transform 0.1s ease;\n    background-color: #ffffff;\n}\n\n.admitidos-table td a.admitido-link::before {\n    content: \"\";\n    position: absolute;\n    top: 0;\n    left: 0;\n    width: 6px; \/* grosor del borde *\/\n    height: 100%;\n    background: linear-gradient(\n        to bottom,\n        #c62828, \/* rojo *\/\n        #1e3cff  \/* azul *\/\n    );\n    border-radius: 2px 0 0 2px;\n}\n\n.admitidos-table td a.admitido-link:hover {\n    background-color: #f2f6ff;\n    transform: translateY(-1px);\n}\n\n.admitidos-table td a.admitido-link:active {\n    transform: translateY(0);\n}\n\n\/* Icono PDF *\/\n.pdf-icon {\n    width: 42px;      \n    height: 42px;\n    flex-shrink: 0;\n    background: url('https:\/\/upload.wikimedia.org\/wikipedia\/commons\/8\/87\/PDF_file_icon.svg') no-repeat center center;\n    background-size: contain;\n}\n\n.facultad-header {\n    display: flex;\n    align-items: center;\n    justify-content: center;\n    gap: 12px;\n    margin: 25px 0 15px;\n}\n\n.facultad-header img {\n    width: 68px;   \/* ajusta tama\u00f1o *\/\n    height: auto;\n}\n\n.facultad-header h3 {\n    margin: 0;\n    text-align: center;\n}\n<\/style>\n\n<h2 style=\"text-align:center; margin-top:40px; color:#0033cc;\">Admisiones Especiales<\/h2>\n\n<div class=\"facultad-header\">\n    <img decoding=\"async\" data-src=\"https:\/\/www.uto.edu.bo\/wp-content\/uploads\/2025\/10\/LOGO-DERECHO1.png\" alt=\"Facultad Nacional de Ingenier\u00eda\" src=\"data:image\/svg+xml;base64,PHN2ZyB3aWR0aD0iMSIgaGVpZ2h0PSIxIiB4bWxucz0iaHR0cDovL3d3dy53My5vcmcvMjAwMC9zdmciPjwvc3ZnPg==\" class=\"lazyload\" style=\"--smush-placeholder-width: 335px; --smush-placeholder-aspect-ratio: 335\/305;\">\n    <h3>FACULTAD DE DERECHO, CIENCIAS POL\u00cdTICAS Y SOCIALES<\/h3>\n<\/div>\n\n<table class=\"admitidos-table\">\n    <tr>\n        <td>\n            <a class=\"admitido-link\" href=\"https:\/\/www.uto.edu.bo\/wp-content\/uploads\/2026\/01\/FDCPS-excelencia-compressed.pdf\" target=\"_blank\">\n                <span>Admisi\u00f3n especial por Excelencia Acad\u00e9mica<\/span>\n                <span class=\"pdf-icon\"><\/span>\n            <\/a>\n        <\/td>\n    <\/tr>\n  <tr>\n        <td>\n            <a class=\"admitido-link\" href=\"https:\/\/www.uto.edu.bo\/wp-content\/uploads\/2026\/01\/FDCPS-merito-compressed.pdf\" target=\"_blank\">\n                <span>Admisi\u00f3n especial por M\u00e9rito Acad\u00e9mico<\/span>\n                <span class=\"pdf-icon\"><\/span>\n            <\/a>\n        <\/td>\n    <\/tr>\n<\/table>\n\n<div class=\"facultad-header\">\n    <img decoding=\"async\" data-src=\"https:\/\/www.uto.edu.bo\/wp-content\/uploads\/2025\/10\/logo_fni.png\" alt=\"Facultad Nacional de Ingenier\u00eda\" src=\"data:image\/svg+xml;base64,PHN2ZyB3aWR0aD0iMSIgaGVpZ2h0PSIxIiB4bWxucz0iaHR0cDovL3d3dy53My5vcmcvMjAwMC9zdmciPjwvc3ZnPg==\" class=\"lazyload\" style=\"--smush-placeholder-width: 274px; --smush-placeholder-aspect-ratio: 274\/305;\">\n    <h3>FACULTAD NACIONAL DE INGENIERIA<\/h3>\n<\/div>\n\n<table class=\"admitidos-table\">\n     <tr>\n        <td>\n            <a class=\"admitido-link\" href=\"https:\/\/www.uto.edu.bo\/wp-content\/uploads\/2026\/01\/FNI-excelencia-compressed.pdf\" target=\"_blank\">\n                <span>Admisi\u00f3n especial por Excelencia Acad\u00e9mica<\/span>\n                <span class=\"pdf-icon\"><\/span>\n            <\/a>\n        <\/td>\n    <\/tr>\n  <tr>\n        <td>\n            <a class=\"admitido-link\" href=\"https:\/\/www.uto.edu.bo\/wp-content\/uploads\/2026\/01\/FNI-merito-compressed.pdf\" target=\"_blank\">\n                <span>Admisi\u00f3n especial por M\u00e9rito Acad\u00e9mico<\/span>\n                <span class=\"pdf-icon\"><\/span>\n            <\/a>\n        <\/td>\n    <\/tr>\n<\/table>\n\n<div class=\"facultad-header\">\n    <img decoding=\"async\" data-src=\"https:\/\/www.uto.edu.bo\/wp-content\/uploads\/2025\/10\/logo_fcefa.png\" alt=\"Facultad\" src=\"data:image\/svg+xml;base64,PHN2ZyB3aWR0aD0iMSIgaGVpZ2h0PSIxIiB4bWxucz0iaHR0cDovL3d3dy53My5vcmcvMjAwMC9zdmciPjwvc3ZnPg==\" class=\"lazyload\" style=\"--smush-placeholder-width: 335px; --smush-placeholder-aspect-ratio: 335\/305;\">\n    <h3>FACULTAD DE CIENCIAS ECON\u00d3MICAS, FINANCIERAS Y ADMINISTRATIVAS<\/h3>\n<\/div>\n\n<table class=\"admitidos-table\">\n       <tr>\n        <td>\n            <a class=\"admitido-link\" href=\"https:\/\/www.uto.edu.bo\/wp-content\/uploads\/2026\/01\/FCEFA-excelencia-compressed.pdf\" target=\"_blank\">\n                <span>Admisi\u00f3n especial por Excelencia Acad\u00e9mica<\/span>\n                <span class=\"pdf-icon\"><\/span>\n            <\/a>\n        <\/td>\n    <\/tr>\n  <tr>\n        <td>\n            <a class=\"admitido-link\" href=\"https:\/\/www.uto.edu.bo\/wp-content\/uploads\/2026\/01\/FCEFA-merito-compressed.pdf\" target=\"_blank\">\n                <span>Admisi\u00f3n especial por M\u00e9rito Acad\u00e9mico<\/span>\n                <span class=\"pdf-icon\"><\/span>\n            <\/a>\n        <\/td>\n    <\/tr>\n<\/table>\n\n\n<div class=\"facultad-header\">\n    <img decoding=\"async\" data-src=\"https:\/\/www.uto.edu.bo\/wp-content\/uploads\/2025\/10\/logo-agronomia2.jpg\" alt=\"Facultad\" src=\"data:image\/svg+xml;base64,PHN2ZyB3aWR0aD0iMSIgaGVpZ2h0PSIxIiB4bWxucz0iaHR0cDovL3d3dy53My5vcmcvMjAwMC9zdmciPjwvc3ZnPg==\" class=\"lazyload\" style=\"--smush-placeholder-width: 200px; --smush-placeholder-aspect-ratio: 200\/200;\">\n    <h3>FACULTAD DE CIENCIAS AGRARIAS Y NATURALES<\/h3>\n<\/div>\n\n<table class=\"admitidos-table\">\n       <tr>\n        <td>\n            <a class=\"admitido-link\" href=\"https:\/\/www.uto.edu.bo\/wp-content\/uploads\/2026\/01\/FCAN-excelencia-compressed.pdf\" target=\"_blank\">\n                <span>Admisi\u00f3n especial por Excelencia Acad\u00e9mica<\/span>\n                <span class=\"pdf-icon\"><\/span>\n            <\/a>\n        <\/td>\n    <\/tr>\n  <tr>\n        <td>\n            <a class=\"admitido-link\" href=\"https:\/\/www.uto.edu.bo\/wp-content\/uploads\/2026\/01\/FCAN-merito-compressed.pdf\" target=\"_blank\">\n                <span>Admisi\u00f3n especial por M\u00e9rito Acad\u00e9mico<\/span>\n                <span class=\"pdf-icon\"><\/span>\n            <\/a>\n        <\/td>\n    <\/tr>\n<\/table>\n\n\n<div class=\"facultad-header\">\n    <img decoding=\"async\" data-src=\"https:\/\/www.uto.edu.bo\/wp-content\/uploads\/2025\/10\/logo_fau.png\" alt=\"Facultad\" src=\"data:image\/svg+xml;base64,PHN2ZyB3aWR0aD0iMSIgaGVpZ2h0PSIxIiB4bWxucz0iaHR0cDovL3d3dy53My5vcmcvMjAwMC9zdmciPjwvc3ZnPg==\" class=\"lazyload\" style=\"--smush-placeholder-width: 200px; --smush-placeholder-aspect-ratio: 200\/200;\">\n    <h3>FACULTAD DE ARQUITECTURA Y URBANISMO<\/h3>\n<\/div>\n\n<table class=\"admitidos-table\">\n       <tr>\n        <td>\n            <a class=\"admitido-link\" href=\"https:\/\/www.uto.edu.bo\/wp-content\/uploads\/2026\/01\/FAU-excelencia-compressed.pdf\" target=\"_blank\">\n                <span>Admisi\u00f3n especial por Excelencia Acad\u00e9mica<\/span>\n                <span class=\"pdf-icon\"><\/span>\n            <\/a>\n        <\/td>\n    <\/tr>\n  <tr>\n        <td>\n            <a class=\"admitido-link\" href=\"https:\/\/www.uto.edu.bo\/wp-content\/uploads\/2026\/01\/FAU-merito-compressed.pdf\" target=\"_blank\">\n                <span>Admisi\u00f3n especial por M\u00e9rito Acad\u00e9mico<\/span>\n                <span class=\"pdf-icon\"><\/span>\n            <\/a>\n        <\/td>\n    <\/tr>\n<\/table>\n\n\n<div class=\"facultad-header\">\n    <img decoding=\"async\" data-src=\"https:\/\/www.uto.edu.bo\/wp-content\/uploads\/2025\/10\/logo_ft.png\" alt=\"Facultad\" src=\"data:image\/svg+xml;base64,PHN2ZyB3aWR0aD0iMSIgaGVpZ2h0PSIxIiB4bWxucz0iaHR0cDovL3d3dy53My5vcmcvMjAwMC9zdmciPjwvc3ZnPg==\" class=\"lazyload\" style=\"--smush-placeholder-width: 335px; --smush-placeholder-aspect-ratio: 335\/305;\">\n    <h3>FACULTAD TECNICA<\/h3>\n<\/div>\n\n<table class=\"admitidos-table\">\n       <tr>\n        <td>\n            <a class=\"admitido-link\" href=\"https:\/\/www.uto.edu.bo\/wp-content\/uploads\/2026\/01\/FT-excelencia.pdf\" target=\"_blank\">\n                <span>Admisi\u00f3n especial por Excelencia Acad\u00e9mica<\/span>\n                <span class=\"pdf-icon\"><\/span>\n            <\/a>\n        <\/td>\n    <\/tr>\n  <tr>\n        <td>\n            <a class=\"admitido-link\" href=\"https:\/\/www.uto.edu.bo\/wp-content\/uploads\/2026\/01\/FT-merito-compressed.pdf\" target=\"_blank\">\n                <span>Admisi\u00f3n especial por M\u00e9rito Acad\u00e9mico<\/span>\n                <span class=\"pdf-icon\"><\/span>\n            <\/a>\n        <\/td>\n    <\/tr>\n<\/table>\n\n\n<div class=\"facultad-header\">\n    <img decoding=\"async\" data-src=\"https:\/\/www.uto.edu.bo\/wp-content\/uploads\/2025\/10\/logo_fcs-1.png\" alt=\"Facultad\" src=\"data:image\/svg+xml;base64,PHN2ZyB3aWR0aD0iMSIgaGVpZ2h0PSIxIiB4bWxucz0iaHR0cDovL3d3dy53My5vcmcvMjAwMC9zdmciPjwvc3ZnPg==\" class=\"lazyload\" style=\"--smush-placeholder-width: 239px; --smush-placeholder-aspect-ratio: 239\/305;\">\n    <h3>FACULTAD DE CIENCIAS DE LA SALUD<\/h3>\n<\/div>\n\n<table class=\"admitidos-table\">\n       <tr>\n        <td>\n            <a class=\"admitido-link\" href=\"https:\/\/www.uto.edu.bo\/wp-content\/uploads\/2026\/01\/FCS-excelencia-compressed.pdf\" target=\"_blank\">\n                <span>Admisi\u00f3n especial por Excelencia Acad\u00e9mica<\/span>\n                <span class=\"pdf-icon\"><\/span>\n            <\/a>\n        <\/td>\n    <\/tr>\n  <tr>\n        <td>\n            <a class=\"admitido-link\" href=\"https:\/\/www.uto.edu.bo\/wp-content\/uploads\/2026\/01\/FCS-merito-compressed.pdf\" target=\"_blank\">\n                <span>Admisi\u00f3n especial por M\u00e9rito Acad\u00e9mico<\/span>\n                <span class=\"pdf-icon\"><\/span>\n            <\/a>\n        <\/td>\n    <\/tr>\n<\/table>\n","protected":false},"excerpt":{"rendered":"<p>Admisiones Especiales FACULTAD DE DERECHO, CIENCIAS POL\u00cdTICAS Y SOCIALES Admisi\u00f3n especial por Excelencia Acad\u00e9mica Admisi\u00f3n especial por M\u00e9rito Acad\u00e9mico FACULTAD NACIONAL DE INGENIERIA Admisi\u00f3n especial por Excelencia Acad\u00e9mica Admisi\u00f3n especial por M\u00e9rito Acad\u00e9mico FACULTAD DE CIENCIAS ECON\u00d3MICAS, FINANCIERAS Y ADMINISTRATIVAS Admisi\u00f3n especial por Excelencia Acad\u00e9mica Admisi\u00f3n especial por M\u00e9rito Acad\u00e9mico FACULTAD DE CIENCIAS AGRARIAS Y [&hellip;]<\/p>\n","protected":false},"author":1,"featured_media":0,"parent":0,"menu_order":0,"comment_status":"closed","ping_status":"closed","template":"","meta":{"_uag_custom_page_level_css":"","site-sidebar-layout":"default","site-content-layout":"","ast-site-content-layout":"default","site-content-style":"default","site-sidebar-style":"default","ast-global-header-display":"","ast-banner-title-visibility":"","ast-main-header-display":"","ast-hfb-above-header-display":"","ast-hfb-below-header-display":"","ast-hfb-mobile-header-display":"","site-post-title":"disabled","ast-breadcrumbs-content":"","ast-featured-img":"","footer-sml-layout":"","theme-transparent-header-meta":"","adv-header-id-meta":"","stick-header-meta":"","header-above-stick-meta":"","header-main-stick-meta":"","header-below-stick-meta":"","astra-migrate-meta-layouts":"default","ast-page-background-enabled":"default","ast-page-background-meta":{"desktop":{"background-color":"var(--ast-global-color-5)","background-image":"","background-repeat":"repeat","background-position":"center center","background-size":"auto","background-attachment":"scroll","background-type":"","background-media":"","overlay-type":"","overlay-color":"","overlay-opacity":"","overlay-gradient":""},"tablet":{"background-color":"","background-image":"","background-repeat":"repeat","background-position":"center center","background-size":"auto","background-attachment":"scroll","background-type":"","background-media":"","overlay-type":"","overlay-color":"","overlay-opacity":"","overlay-gradient":""},"mobile":{"background-color":"","background-image":"","background-repeat":"repeat","background-position":"center center","background-size":"auto","background-attachment":"scroll","background-type":"","background-media":"","overlay-type":"","overlay-color":"","overlay-opacity":"","overlay-gradient":""}},"ast-content-background-meta":{"desktop":{"background-color":"var(--ast-global-color-4)","background-image":"","background-repeat":"repeat","background-position":"center center","background-size":"auto","background-attachment":"scroll","background-type":"","background-media":"","overlay-type":"","overlay-color":"","overlay-opacity":"","overlay-gradient":""},"tablet":{"background-color":"var(--ast-global-color-4)","background-image":"","background-repeat":"repeat","background-position":"center center","background-size":"auto","background-attachment":"scroll","background-type":"","background-media":"","overlay-type":"","overlay-color":"","overlay-opacity":"","overlay-gradient":""},"mobile":{"background-color":"var(--ast-global-color-4)","background-image":"","background-repeat":"repeat","background-position":"center center","background-size":"auto","background-attachment":"scroll","background-type":"","background-media":"","overlay-type":"","overlay-color":"","overlay-opacity":"","overlay-gradient":""}},"_themeisle_gutenberg_block_has_review":false,"footnotes":""},"class_list":["post-1959","page","type-page","status-publish","hentry"],"uagb_featured_image_src":{"full":false,"thumbnail":false,"medium":false,"medium_large":false,"large":false,"1536x1536":false,"2048x2048":false},"uagb_author_info":{"display_name":"UTO","author_link":"https:\/\/www.uto.edu.bo\/author\/najhely\/"},"uagb_comment_info":0,"uagb_excerpt":"Admisiones Especiales FACULTAD DE DERECHO, CIENCIAS POL\u00cdTICAS Y SOCIALES Admisi\u00f3n especial por Excelencia Acad\u00e9mica Admisi\u00f3n especial por M\u00e9rito Acad\u00e9mico FACULTAD NACIONAL DE INGENIERIA Admisi\u00f3n especial por Excelencia Acad\u00e9mica Admisi\u00f3n especial por M\u00e9rito Acad\u00e9mico FACULTAD DE CIENCIAS ECON\u00d3MICAS, FINANCIERAS Y ADMINISTRATIVAS Admisi\u00f3n especial por Excelencia Acad\u00e9mica Admisi\u00f3n especial por M\u00e9rito Acad\u00e9mico FACULTAD DE CIENCIAS AGRARIAS Y&hellip;","_links":{"self":[{"href":"https:\/\/www.uto.edu.bo\/wp-json\/wp\/v2\/pages\/1959","targetHints":{"allow":["GET"]}}],"collection":[{"href":"https:\/\/www.uto.edu.bo\/wp-json\/wp\/v2\/pages"}],"about":[{"href":"https:\/\/www.uto.edu.bo\/wp-json\/wp\/v2\/types\/page"}],"author":[{"embeddable":true,"href":"https:\/\/www.uto.edu.bo\/wp-json\/wp\/v2\/users\/1"}],"replies":[{"embeddable":true,"href":"https:\/\/www.uto.edu.bo\/wp-json\/wp\/v2\/comments?post=1959"}],"version-history":[{"count":8,"href":"https:\/\/www.uto.edu.bo\/wp-json\/wp\/v2\/pages\/1959\/revisions"}],"predecessor-version":[{"id":1984,"href":"https:\/\/www.uto.edu.bo\/wp-json\/wp\/v2\/pages\/1959\/revisions\/1984"}],"wp:attachment":[{"href":"https:\/\/www.uto.edu.bo\/wp-json\/wp\/v2\/media?parent=1959"}],"curies":[{"name":"wp","href":"https:\/\/api.w.org\/{rel}","templated":true}]}}