{"id":105,"date":"2025-09-23T16:46:18","date_gmt":"2025-09-23T14:46:18","guid":{"rendered":"https:\/\/www.uto.edu.bo\/?page_id=105"},"modified":"2026-01-19T23:50:35","modified_gmt":"2026-01-19T22:50:35","slug":"estudiantes","status":"publish","type":"page","link":"https:\/\/www.uto.edu.bo\/estudiantes\/","title":{"rendered":"Servicio de pagos"},"content":{"rendered":"\n<div class=\"wp-block-uagb-container uagb-block-492b52fd alignfull uagb-is-root-container\"><div class=\"uagb-container-inner-blocks-wrap\">\n<link href=\"https:\/\/fonts.googleapis.com\/css2?family=Montserrat:wght@400;600;700&#038;display=swap\" rel=\"stylesheet\">\n\n<style>\n\n  .uto-pagos-links-pdf {\n    margin-top: 30px;\n    display: flex;\n    flex-wrap: wrap;\n    gap: 15px;\n    justify-content: center;\n  }\n\n  .uto-pagos-link-pdf {\n    display: inline-block;\n    font-size: 0.95rem;\n    font-weight: 600;\n    color: #0a3d62;\n    background-color: #f2f6fa;\n    padding: 12px 24px;\n    border-radius: 50px;\n    text-decoration: none;\n    border: 2px solid #0a3d62;\n    transition: all 0.3s ease;\n  }\n\n  .uto-pagos-link-pdf:hover {\n    background-color: #0a3d62;\n    color: #ffffff;\n    transform: translateY(-2px);\n    box-shadow: 0 4px 12px rgba(10, 61, 98, 0.25);\n  }\n  .uto-pagos-online {\n    text-align: center;\n    padding: 40px 20px;\n    font-family: 'Montserrat', sans-serif; \/* Fuente m\u00e1s moderna *\/\n    background-color: #ffffff;\n    border-radius: 12px;\n    box-shadow: 0 4px 20px rgba(0, 0, 0, 0.05); \/* Sombra suave para profundidad *\/\n    max-width: 850px;\n    margin: 20px auto;\n  }\n\n  .uto-pagos-pregunta {\n    text-align: center;\n    padding: 10px 20px;\n    font-family: 'Montserrat', sans-serif; \/* Fuente m\u00e1s moderna *\/\n    background-color: #ffffff;\n    border-radius: 12px;\n    box-shadow: 0 4px 20px rgba(0, 0, 0, 0.05); \/* Sombra suave para profundidad *\/\n    max-width: 850px;\n    margin: 20px auto;\n  }\n  .uto-pagos-title {\n    margin-bottom: 15px;\n    font-size: 2rem;\n    font-weight: 700;\n    color: #0a3d62;\n    letter-spacing: -0.5px;\n  }\n\n  .uto-pagos-text {\n    max-width: 650px;\n    margin: 0 auto 25px auto;\n    font-size: 1.1rem;\n    line-height: 1.8;\n    color: #555;\n  }\n\n  .uto-pagos-link {\n    display: inline-block;\n    font-size: 1rem;\n    font-weight: 600;\n    color: #ffffff;\n    background-color: #0a3d62;\n    padding: 14px 28px;\n    border-radius: 50px; \/* Bot\u00f3n tipo p\u00edldora, m\u00e1s moderno *\/\n    text-decoration: none;\n    transition: all 0.3s cubic-bezier(0.25, 0.8, 0.25, 1);\n    box-shadow: 0 4px 12px rgba(10, 61, 98, 0.2);\n  }\n\n  .uto-pagos-link:hover {\n    background-color: #0d4f7a;\n    transform: translateY(-3px); \n    box-shadow: 0 6px 20px rgba(10, 61, 98, 0.3); \n  }\n\n  .uto-pagos-link:active {\n    transform: translateY(-1px);\n  }\n<\/style>\n\n<div class=\"uto-pagos-online\">\n  <h2 class=\"uto-pagos-title\">Pagos y Matr\u00edculas en L\u00ednea<\/h2>\n\n  <p class=\"uto-pagos-text\">\n    La Universidad pone a disposici\u00f3n un nuevo servicio digital que permite\n    realizar el pago de valores universitarios y matr\u00edculas de forma <strong>r\u00e1pida,\n    segura y completamente en l\u00ednea.<\/strong>\n  <\/p>\n\n  <a\n    href=\"https:\/\/estudiantes.uto.edu.bo\/\"\n    target=\"_blank\"\n    rel=\"noopener noreferrer\"\n    class=\"uto-pagos-link\"\n  >\n    Acceder al sistema de pagos\n  <\/a>\n \n<\/div>\n<div class=\"uto-pagos-pregunta\">\n  <h2 class=\"uto-pagos-title\">Revisa los pasos<\/h2> \n<div class=\"uto-pagos-links-pdf\">\n  <a\n    href=\"https:\/\/www.uto.edu.bo\/wp-content\/uploads\/2026\/01\/PAGO-DE-VALORES-DE-TRAMITES-UNIVERSITARIOS-MEDIANTE-QR.pdf\"\n    target=\"_blank\"\n    rel=\"noopener noreferrer\"\n    class=\"uto-pagos-link-pdf\"\n  >\n    \ud83d\udcc4 Pago de valores de tr\u00e1mites mediante QR\n  <\/a>\n\n  <a\n    href=\"https:\/\/www.uto.edu.bo\/wp-content\/uploads\/2026\/01\/PAGO-DE-MATRICULAS-MEDIANTE-QR.pdf\"\n    target=\"_blank\"\n    rel=\"noopener noreferrer\"\n    class=\"uto-pagos-link-pdf\"\n  >\n    \ud83d\udcc4 Pago de matr\u00edculas mediante QR\n  <\/a>\n<\/div>\n<\/div>\n\n<\/div><\/div>\n","protected":false},"excerpt":{"rendered":"<p>Pagos y Matr\u00edculas en L\u00ednea La Universidad pone a disposici\u00f3n un nuevo servicio digital que permite realizar el pago de valores universitarios y matr\u00edculas de forma r\u00e1pida, segura y completamente en l\u00ednea. Acceder al sistema de pagos Revisa los pasos \ud83d\udcc4 Pago de valores de tr\u00e1mites mediante QR \ud83d\udcc4 Pago de matr\u00edculas mediante QR<\/p>\n","protected":false},"author":1,"featured_media":0,"parent":0,"menu_order":0,"comment_status":"closed","ping_status":"closed","template":"","meta":{"_uag_custom_page_level_css":"","site-sidebar-layout":"default","site-content-layout":"","ast-site-content-layout":"default","site-content-style":"default","site-sidebar-style":"default","ast-global-header-display":"","ast-banner-title-visibility":"","ast-main-header-display":"","ast-hfb-above-header-display":"","ast-hfb-below-header-display":"","ast-hfb-mobile-header-display":"","site-post-title":"disabled","ast-breadcrumbs-content":"","ast-featured-img":"","footer-sml-layout":"","theme-transparent-header-meta":"","adv-header-id-meta":"","stick-header-meta":"","header-above-stick-meta":"","header-main-stick-meta":"","header-below-stick-meta":"","astra-migrate-meta-layouts":"default","ast-page-background-enabled":"default","ast-page-background-meta":{"desktop":{"background-color":"var(--ast-global-color-5)","background-image":"","background-repeat":"repeat","background-position":"center center","background-size":"auto","background-attachment":"scroll","background-type":"","background-media":"","overlay-type":"","overlay-color":"","overlay-opacity":"","overlay-gradient":""},"tablet":{"background-color":"","background-image":"","background-repeat":"repeat","background-position":"center center","background-size":"auto","background-attachment":"scroll","background-type":"","background-media":"","overlay-type":"","overlay-color":"","overlay-opacity":"","overlay-gradient":""},"mobile":{"background-color":"","background-image":"","background-repeat":"repeat","background-position":"center center","background-size":"auto","background-attachment":"scroll","background-type":"","background-media":"","overlay-type":"","overlay-color":"","overlay-opacity":"","overlay-gradient":""}},"ast-content-background-meta":{"desktop":{"background-color":"var(--ast-global-color-4)","background-image":"","background-repeat":"repeat","background-position":"center center","background-size":"auto","background-attachment":"scroll","background-type":"","background-media":"","overlay-type":"","overlay-color":"","overlay-opacity":"","overlay-gradient":""},"tablet":{"background-color":"var(--ast-global-color-4)","background-image":"","background-repeat":"repeat","background-position":"center center","background-size":"auto","background-attachment":"scroll","background-type":"","background-media":"","overlay-type":"","overlay-color":"","overlay-opacity":"","overlay-gradient":""},"mobile":{"background-color":"var(--ast-global-color-4)","background-image":"","background-repeat":"repeat","background-position":"center center","background-size":"auto","background-attachment":"scroll","background-type":"","background-media":"","overlay-type":"","overlay-color":"","overlay-opacity":"","overlay-gradient":""}},"_themeisle_gutenberg_block_has_review":false,"footnotes":""},"class_list":["post-105","page","type-page","status-publish","hentry"],"uagb_featured_image_src":{"full":false,"thumbnail":false,"medium":false,"medium_large":false,"large":false,"1536x1536":false,"2048x2048":false},"uagb_author_info":{"display_name":"UTO","author_link":"https:\/\/www.uto.edu.bo\/author\/najhely\/"},"uagb_comment_info":0,"uagb_excerpt":"Pagos y Matr\u00edculas en L\u00ednea La Universidad pone a disposici\u00f3n un nuevo servicio digital que permite realizar el pago de valores universitarios y matr\u00edculas de forma r\u00e1pida, segura y completamente en l\u00ednea. Acceder al sistema de pagos Revisa los pasos \ud83d\udcc4 Pago de valores de tr\u00e1mites mediante QR \ud83d\udcc4 Pago de matr\u00edculas mediante QR","_links":{"self":[{"href":"https:\/\/www.uto.edu.bo\/wp-json\/wp\/v2\/pages\/105","targetHints":{"allow":["GET"]}}],"collection":[{"href":"https:\/\/www.uto.edu.bo\/wp-json\/wp\/v2\/pages"}],"about":[{"href":"https:\/\/www.uto.edu.bo\/wp-json\/wp\/v2\/types\/page"}],"author":[{"embeddable":true,"href":"https:\/\/www.uto.edu.bo\/wp-json\/wp\/v2\/users\/1"}],"replies":[{"embeddable":true,"href":"https:\/\/www.uto.edu.bo\/wp-json\/wp\/v2\/comments?post=105"}],"version-history":[{"count":24,"href":"https:\/\/www.uto.edu.bo\/wp-json\/wp\/v2\/pages\/105\/revisions"}],"predecessor-version":[{"id":1856,"href":"https:\/\/www.uto.edu.bo\/wp-json\/wp\/v2\/pages\/105\/revisions\/1856"}],"wp:attachment":[{"href":"https:\/\/www.uto.edu.bo\/wp-json\/wp\/v2\/media?parent=105"}],"curies":[{"name":"wp","href":"https:\/\/api.w.org\/{rel}","templated":true}]}}