{"id":100,"date":"2025-09-23T16:46:18","date_gmt":"2025-09-23T14:46:18","guid":{"rendered":"https:\/\/www.uto.edu.bo\/?page_id=100"},"modified":"2025-11-12T20:13:20","modified_gmt":"2025-11-12T19:13:20","slug":"otros-documentos","status":"publish","type":"page","link":"https:\/\/www.uto.edu.bo\/?page_id=100","title":{"rendered":"Otros Documentos"},"content":{"rendered":"\n<style>\n#otros-documentos-container .autoridades-container {\n    background: linear-gradient(135deg, #f5f7fa 0%, #c3cfe2 100%);\n    padding: 60px 20px;\n    min-height: 100vh;\n}\n\n#otros-documentos-container .container {\n    max-width: 1200px;\n    margin: 0 auto;\n}\n\n#otros-documentos-container h1.documentos-titulo-principal {\n    text-align: center;\n    margin-bottom: 20px;\n    color: #2c3e50;\n    font-size: 2.8rem;\n    text-shadow: 1px 1px 3px rgba(0,0,0,0.1);\n    position: relative;\n    padding-bottom: 15px;\n}\n\n#otros-documentos-container h1.documentos-titulo-principal:after {\n    content: '';\n    position: absolute;\n    bottom: 0;\n    left: 50%;\n    transform: translateX(-50%);\n    width: 200px;\n    height: 4px;\n    background: linear-gradient(to right, #3498db, #2c3e50);\n    border-radius: 2px;\n}\n\n#otros-documentos-container .descripcion {\n    text-align: center;\n    color: #7f8c8d;\n    font-size: 1.2rem;\n    margin-bottom: 50px;\n    font-style: italic;\n}\n\n#otros-documentos-container .categorias-container {\n    display: grid;\n    grid-template-columns: repeat(auto-fit, minmax(350px, 1fr));\n    gap: 30px;\n    margin-bottom: 40px;\n}\n\n#otros-documentos-container .categoria {\n    background: white;\n    border-radius: 20px;\n    box-shadow: 0 15px 35px rgba(0, 0, 0, 0.1);\n    padding: 30px;\n    position: relative;\n    overflow: hidden;\n    transition: all 0.4s ease;\n}\n\n#otros-documentos-container .categoria:before {\n    content: '';\n    position: absolute;\n    top: 0;\n    left: 0;\n    width: 100%;\n    height: 6px;\n}\n\n#otros-documentos-container .categoria:hover {\n    transform: translateY(-10px);\n    box-shadow: 0 20px 40px rgba(0, 0, 0, 0.15);\n}\n\n#otros-documentos-container .categoria-guias:before {\n    background: linear-gradient(to right, #3498db, #2980b9);\n}\n\n#otros-documentos-container .categoria-planes:before {\n    background: linear-gradient(to right, #27ae60, #219a52);\n}\n\n#otros-documentos-container .categoria-investigacion:before {\n    background: linear-gradient(to right, #e74c3c, #c0392b);\n}\n\n#otros-documentos-container .categoria-historia:before {\n    background: linear-gradient(to right, #9b59b6, #8e44ad);\n}\n\n#otros-documentos-container .categoria h2 {\n    color: #2c3e50;\n    font-size: 1.8rem;\n    margin-bottom: 25px;\n    padding-bottom: 10px;\n    border-bottom: 2px solid;\n    text-align: center;\n}\n\n#otros-documentos-container .categoria-guias h2 {\n    border-bottom-color: #3498db;\n}\n\n#otros-documentos-container .categoria-planes h2 {\n    border-bottom-color: #27ae60;\n}\n\n#otros-documentos-container .categoria-investigacion h2 {\n    border-bottom-color: #e74c3c;\n}\n\n#otros-documentos-container .categoria-historia h2 {\n    border-bottom-color: #9b59b6;\n}\n\n#otros-documentos-container .pdf-grid {\n    display: grid;\n    gap: 15px;\n}\n\n#otros-documentos-container .pdf-card {\n    background: #f8f9fa;\n    padding: 20px;\n    border-radius: 12px;\n    border-left: 4px solid;\n    transition: all 0.3s ease;\n    cursor: pointer;\n    display: flex;\n    align-items: center;\n    gap: 15px;\n}\n\n#otros-documentos-container .pdf-card:hover {\n    transform: translateX(8px);\n    box-shadow: 0 8px 20px rgba(0, 0, 0, 0.12);\n}\n\n#otros-documentos-container .categoria-guias .pdf-card {\n    border-left-color: #3498db;\n    background: linear-gradient(135deg, #f8f9fa 0%, #e3f2fd 100%);\n}\n\n#otros-documentos-container .categoria-planes .pdf-card {\n    border-left-color: #27ae60;\n    background: linear-gradient(135deg, #f8f9fa 0%, #e8f5e8 100%);\n}\n\n#otros-documentos-container .categoria-investigacion .pdf-card {\n    border-left-color: #e74c3c;\n    background: linear-gradient(135deg, #f8f9fa 0%, #ffebee 100%);\n}\n\n#otros-documentos-container .categoria-historia .pdf-card {\n    border-left-color: #9b59b6;\n    background: linear-gradient(135deg, #f8f9fa 0%, #f3e8fd 100%);\n}\n\n#otros-documentos-container .pdf-icon {\n    width: 50px;\n    height: 50px;\n    border-radius: 10px;\n    display: flex;\n    align-items: center;\n    justify-content: center;\n    color: white;\n    font-size: 1.5rem;\n    flex-shrink: 0;\n}\n\n#otros-documentos-container .categoria-guias .pdf-icon {\n    background: linear-gradient(135deg, #3498db, #2980b9);\n}\n\n#otros-documentos-container .categoria-planes .pdf-icon {\n    background: linear-gradient(135deg, #27ae60, #219a52);\n}\n\n#otros-documentos-container .categoria-investigacion .pdf-icon {\n    background: linear-gradient(135deg, #e74c3c, #c0392b);\n}\n\n#otros-documentos-container .categoria-historia .pdf-icon {\n    background: linear-gradient(135deg, #9b59b6, #8e44ad);\n}\n\n#otros-documentos-container .pdf-content {\n    flex: 1;\n}\n\n#otros-documentos-container .pdf-title {\n    color: #2c3e50;\n    font-size: 1.1rem;\n    font-weight: 600;\n    margin-bottom: 5px;\n    line-height: 1.4;\n}\n\n#otros-documentos-container .pdf-year {\n    color: #7f8c8d;\n    font-size: 0.9rem;\n    font-weight: 500;\n}\n\n#otros-documentos-container .pdf-link {\n    text-decoration: none;\n    color: inherit;\n    display: block;\n}\n\n#otros-documentos-container .footer-note {\n    text-align: center;\n    margin-top: 60px;\n    color: #7f8c8d;\n    font-style: italic;\n    padding: 20px;\n    background: white;\n    border-radius: 15px;\n    box-shadow: 0 5px 15px rgba(0, 0, 0, 0.1);\n}\n\n\/* Responsive *\/\n@media (max-width: 768px) {\n    #otros-documentos-container .categorias-container {\n        grid-template-columns: 1fr;\n        gap: 25px;\n    }\n    \n    #otros-documentos-container .categoria {\n        padding: 25px 20px;\n    }\n    \n    #otros-documentos-container h1.documentos-titulo-principal {\n        font-size: 2.2rem;\n    }\n    \n    #otros-documentos-container .descripcion {\n        font-size: 1.1rem;\n        margin-bottom: 40px;\n    }\n    \n    #otros-documentos-container .categoria h2 {\n        font-size: 1.6rem;\n    }\n    \n    #otros-documentos-container .pdf-card {\n        padding: 18px 15px;\n    }\n    \n    #otros-documentos-container .pdf-icon {\n        width: 45px;\n        height: 45px;\n        font-size: 1.3rem;\n    }\n    \n    #otros-documentos-container .pdf-title {\n        font-size: 1rem;\n    }\n}\n\n@media (max-width: 480px) {\n    #otros-documentos-container .autoridades-container {\n        padding: 40px 15px;\n    }\n    \n    #otros-documentos-container .categoria {\n        padding: 20px 15px;\n    }\n    \n    #otros-documentos-container h1.documentos-titulo-principal {\n        font-size: 1.8rem;\n    }\n    \n    #otros-documentos-container .descripcion {\n        font-size: 1rem;\n        margin-bottom: 30px;\n    }\n    \n    #otros-documentos-container .categoria h2 {\n        font-size: 1.4rem;\n    }\n    \n    #otros-documentos-container .pdf-card {\n        padding: 15px 12px;\n        gap: 12px;\n    }\n    \n    #otros-documentos-container .pdf-icon {\n        width: 40px;\n        height: 40px;\n        font-size: 1.2rem;\n    }\n    \n    #otros-documentos-container .pdf-title {\n        font-size: 0.95rem;\n    }\n    \n    #otros-documentos-container .pdf-year {\n        font-size: 0.85rem;\n    }\n}\n<\/style>\n\n<link rel=\"stylesheet\" href=\"https:\/\/cdnjs.cloudflare.com\/ajax\/libs\/font-awesome\/5.15.4\/css\/all.min.css\">\n\n<div id=\"otros-documentos-container\">\n    <div class=\"autoridades-container\">\n        <div class=\"container\">\n            <h1 class=\"documentos-titulo-principal\">Otros Documentos<\/h1>\n            <p class=\"descripcion\">Documentos acad\u00e9micos e institucionales de la Universidad T\u00e9cnica de Oruro<\/p>\n            \n            <div class=\"categorias-container\">\n                <!-- Categor\u00eda: Gu\u00edas Acad\u00e9micas -->\n                <div class=\"categoria categoria-guias\">\n                    <h2>Gu\u00edas Acad\u00e9micas<\/h2>\n                    <div class=\"pdf-grid\">\n                        <a href=\"https:\/\/www.uto.edu.bo\/wp-content\/uploads\/2025\/10\/Guia-Academica-2018-Noviembre-1.pdf\" class=\"pdf-link\" target=\"_blank\">\n                            <div class=\"pdf-card\">\n                                <div class=\"pdf-icon\">\n                                    <i class=\"fas fa-book\"><\/i>\n                                <\/div>\n                                <div class=\"pdf-content\">\n                                    <div class=\"pdf-title\">Gu\u00eda Acad\u00e9mica<\/div>\n                                    <div class=\"pdf-year\">2018<\/div>\n                                <\/div>\n                            <\/div>\n                        <\/a>\n                    <\/div>\n                <\/div>\n                \n                <!-- Categor\u00eda: Planes Estrat\u00e9gicos -->\n                <div class=\"categoria categoria-planes\">\n                    <h2>Planes Estrat\u00e9gicos<\/h2>\n                    <div class=\"pdf-grid\">\n                        <a href=\"https:\/\/www.uto.edu.bo\/wp-content\/uploads\/2025\/10\/plan-estratgico-institucional-editado_2.pdf\" class=\"pdf-link\" target=\"_blank\">\n                            <div class=\"pdf-card\">\n                                <div class=\"pdf-icon\">\n                                    <i class=\"fas fa-chart-line\"><\/i>\n                                <\/div>\n                                <div class=\"pdf-content\">\n                                    <div class=\"pdf-title\">Plan Estrat\u00e9gico Institucional<\/div>\n                                    <div class=\"pdf-year\">2016-2020<\/div>\n                                <\/div>\n                            <\/div>\n                        <\/a>\n                        \n                        <a href=\"https:\/\/www.uto.edu.bo\/wp-content\/uploads\/2025\/10\/PDE-29julio-1.pdf\" class=\"pdf-link\" target=\"_blank\">\n                            <div class=\"pdf-card\">\n                                <div class=\"pdf-icon\">\n                                    <i class=\"fas fa-chart-line\"><\/i>\n                                <\/div>\n                                <div class=\"pdf-content\">\n                                    <div class=\"pdf-title\">Plan de Desarrollo Estrat\u00e9gico<\/div>\n                                    <div class=\"pdf-year\">2009-2013<\/div>\n                                <\/div>\n                            <\/div>\n                        <\/a>\n                    <\/div>\n                <\/div>\n                \n                <!-- Categor\u00eda: Investigaci\u00f3n Cient\u00edfica -->\n                <div class=\"categoria categoria-investigacion\">\n                    <h2>Investigaci\u00f3n Cient\u00edfica<\/h2>\n                    <div class=\"pdf-grid\">\n                        <a href=\"https:\/\/www.uto.edu.bo\/wp-content\/uploads\/2025\/10\/LOS-RELOJES-DE-LA-FNI-NUEVO.pdf\" class=\"pdf-link\" target=\"_blank\">\n                            <div class=\"pdf-card\">\n                                <div class=\"pdf-icon\">\n                                    <i class=\"fas fa-flask\"><\/i>\n                                <\/div>\n                                <div class=\"pdf-content\">\n                                    <div class=\"pdf-title\">Relojes Solares &#8211; Matem\u00e1tico y Ancestral<\/div>\n                                    <div class=\"pdf-year\">Tiwanacotas<\/div>\n                                <\/div>\n                            <\/div>\n                        <\/a>\n                        \n                        <a href=\"https:\/\/www.uto.edu.bo\/wp-content\/uploads\/2025\/10\/PromocionRetencion2014.pdf\" class=\"pdf-link\" target=\"_blank\">\n                            <div class=\"pdf-card\">\n                                <div class=\"pdf-icon\">\n                                    <i class=\"fas fa-chart-bar\"><\/i>\n                                <\/div>\n                                <div class=\"pdf-content\">\n                                    <div class=\"pdf-title\">Promoci\u00f3n y Retenci\u00f3n<\/div>\n                                    <div class=\"pdf-year\">2014<\/div>\n                                <\/div>\n                            <\/div>\n                        <\/a>\n                        \n                        <a href=\"https:\/\/www.uto.edu.bo\/wp-content\/uploads\/2025\/10\/OK_Estadsticas_Universitarias_2014.pdf\" class=\"pdf-link\" target=\"_blank\">\n                            <div class=\"pdf-card\">\n                                <div class=\"pdf-icon\">\n                                    <i class=\"fas fa-chart-bar\"><\/i>\n                                <\/div>\n                                <div class=\"pdf-content\">\n                                    <div class=\"pdf-title\">Estad\u00edsticas Universitarias<\/div>\n                                    <div class=\"pdf-year\">2014<\/div>\n                                <\/div>\n                            <\/div>\n                        <\/a>\n                    <\/div>\n                <\/div>\n                \n                <!-- Categor\u00eda: Historia Institucional -->\n                <div class=\"categoria categoria-historia\">\n                    <h2>Historia Institucional<\/h2>\n                    <div class=\"pdf-grid\">\n                        <a href=\"https:\/\/www.uto.edu.bo\/wp-content\/uploads\/2025\/10\/Trptico.pdf\" class=\"pdf-link\" target=\"_blank\">\n                            <div class=\"pdf-card\">\n                                <div class=\"pdf-icon\">\n                                    <i class=\"fas fa-landmark\"><\/i>\n                                <\/div>\n                                <div class=\"pdf-content\">\n                                    <div class=\"pdf-title\">A 62 a\u00f1os de vigencia del Estatuto de la UTO<\/div>\n                                    <div class=\"pdf-year\">Documento hist\u00f3rico<\/div>\n                                <\/div>\n                            <\/div>\n                        <\/a>\n                    <\/div>\n                <\/div>\n            <\/div>\n        <\/div>\n    <\/div>\n<\/div>\n","protected":false},"excerpt":{"rendered":"<p>Otros Documentos Documentos acad\u00e9micos e institucionales de la Universidad T\u00e9cnica de Oruro Gu\u00edas Acad\u00e9micas Gu\u00eda Acad\u00e9mica 2018 Planes Estrat\u00e9gicos Plan Estrat\u00e9gico Institucional 2016-2020 Plan de Desarrollo Estrat\u00e9gico 2009-2013 Investigaci\u00f3n Cient\u00edfica Relojes Solares &#8211; Matem\u00e1tico y Ancestral Tiwanacotas Promoci\u00f3n y Retenci\u00f3n 2014 Estad\u00edsticas Universitarias 2014 Historia Institucional A 62 a\u00f1os de vigencia del Estatuto de la [&hellip;]<\/p>\n","protected":false},"author":1,"featured_media":0,"parent":0,"menu_order":0,"comment_status":"closed","ping_status":"closed","template":"","meta":{"_uag_custom_page_level_css":"","site-sidebar-layout":"default","site-content-layout":"","ast-site-content-layout":"default","site-content-style":"default","site-sidebar-style":"default","ast-global-header-display":"","ast-banner-title-visibility":"","ast-main-header-display":"","ast-hfb-above-header-display":"","ast-hfb-below-header-display":"","ast-hfb-mobile-header-display":"","site-post-title":"disabled","ast-breadcrumbs-content":"","ast-featured-img":"","footer-sml-layout":"","theme-transparent-header-meta":"","adv-header-id-meta":"","stick-header-meta":"","header-above-stick-meta":"","header-main-stick-meta":"","header-below-stick-meta":"","astra-migrate-meta-layouts":"default","ast-page-background-enabled":"default","ast-page-background-meta":{"desktop":{"background-color":"var(--ast-global-color-5)","background-image":"","background-repeat":"repeat","background-position":"center center","background-size":"auto","background-attachment":"scroll","background-type":"","background-media":"","overlay-type":"","overlay-color":"","overlay-opacity":"","overlay-gradient":""},"tablet":{"background-color":"","background-image":"","background-repeat":"repeat","background-position":"center center","background-size":"auto","background-attachment":"scroll","background-type":"","background-media":"","overlay-type":"","overlay-color":"","overlay-opacity":"","overlay-gradient":""},"mobile":{"background-color":"","background-image":"","background-repeat":"repeat","background-position":"center center","background-size":"auto","background-attachment":"scroll","background-type":"","background-media":"","overlay-type":"","overlay-color":"","overlay-opacity":"","overlay-gradient":""}},"ast-content-background-meta":{"desktop":{"background-color":"var(--ast-global-color-4)","background-image":"","background-repeat":"repeat","background-position":"center center","background-size":"auto","background-attachment":"scroll","background-type":"","background-media":"","overlay-type":"","overlay-color":"","overlay-opacity":"","overlay-gradient":""},"tablet":{"background-color":"var(--ast-global-color-4)","background-image":"","background-repeat":"repeat","background-position":"center center","background-size":"auto","background-attachment":"scroll","background-type":"","background-media":"","overlay-type":"","overlay-color":"","overlay-opacity":"","overlay-gradient":""},"mobile":{"background-color":"var(--ast-global-color-4)","background-image":"","background-repeat":"repeat","background-position":"center center","background-size":"auto","background-attachment":"scroll","background-type":"","background-media":"","overlay-type":"","overlay-color":"","overlay-opacity":"","overlay-gradient":""}},"_themeisle_gutenberg_block_has_review":false,"footnotes":""},"class_list":["post-100","page","type-page","status-publish","hentry"],"uagb_featured_image_src":{"full":false,"thumbnail":false,"medium":false,"medium_large":false,"large":false,"1536x1536":false,"2048x2048":false},"uagb_author_info":{"display_name":"UTO","author_link":"https:\/\/www.uto.edu.bo\/?author=1"},"uagb_comment_info":0,"uagb_excerpt":"Otros Documentos Documentos acad\u00e9micos e institucionales de la Universidad T\u00e9cnica de Oruro Gu\u00edas Acad\u00e9micas Gu\u00eda Acad\u00e9mica 2018 Planes Estrat\u00e9gicos Plan Estrat\u00e9gico Institucional 2016-2020 Plan de Desarrollo Estrat\u00e9gico 2009-2013 Investigaci\u00f3n Cient\u00edfica Relojes Solares &#8211; Matem\u00e1tico y Ancestral Tiwanacotas Promoci\u00f3n y Retenci\u00f3n 2014 Estad\u00edsticas Universitarias 2014 Historia Institucional A 62 a\u00f1os de vigencia del Estatuto de la&hellip;","_links":{"self":[{"href":"https:\/\/www.uto.edu.bo\/index.php?rest_route=\/wp\/v2\/pages\/100","targetHints":{"allow":["GET"]}}],"collection":[{"href":"https:\/\/www.uto.edu.bo\/index.php?rest_route=\/wp\/v2\/pages"}],"about":[{"href":"https:\/\/www.uto.edu.bo\/index.php?rest_route=\/wp\/v2\/types\/page"}],"author":[{"embeddable":true,"href":"https:\/\/www.uto.edu.bo\/index.php?rest_route=\/wp\/v2\/users\/1"}],"replies":[{"embeddable":true,"href":"https:\/\/www.uto.edu.bo\/index.php?rest_route=%2Fwp%2Fv2%2Fcomments&post=100"}],"version-history":[{"count":5,"href":"https:\/\/www.uto.edu.bo\/index.php?rest_route=\/wp\/v2\/pages\/100\/revisions"}],"predecessor-version":[{"id":1232,"href":"https:\/\/www.uto.edu.bo\/index.php?rest_route=\/wp\/v2\/pages\/100\/revisions\/1232"}],"wp:attachment":[{"href":"https:\/\/www.uto.edu.bo\/index.php?rest_route=%2Fwp%2Fv2%2Fmedia&parent=100"}],"curies":[{"name":"wp","href":"https:\/\/api.w.org\/{rel}","templated":true}]}}